{"id":989432,"date":"2023-02-06T15:48:25","date_gmt":"2023-02-06T14:48:25","guid":{"rendered":"https:\/\/cipresaia.cat\/postre\/"},"modified":"2026-02-24T09:51:20","modified_gmt":"2026-02-24T08:51:20","slug":"postre","status":"publish","type":"page","link":"https:\/\/cipresaia.cat\/es\/carta\/postre\/","title":{"rendered":"Postres"},"content":{"rendered":"\t\t<div data-elementor-type=\"wp-page\" data-elementor-id=\"989432\" class=\"elementor elementor-989432 elementor-5037\" data-elementor-post-type=\"page\">\n\t\t\t\t\t\t<section class=\"elementor-section elementor-top-section elementor-element elementor-element-63f11a6 elementor-section-boxed elementor-section-height-default elementor-section-height-default\" data-id=\"63f11a6\" data-element_type=\"section\" data-settings=\"{&quot;background_background&quot;:&quot;classic&quot;}\">\n\t\t\t\t\t\t<div class=\"elementor-container elementor-column-gap-no\">\n\t\t\t\t\t<div class=\"elementor-column elementor-col-50 elementor-top-column elementor-element elementor-element-aa6bd32\" data-id=\"aa6bd32\" data-element_type=\"column\">\n\t\t\t<div class=\"elementor-widget-wrap elementor-element-populated\">\n\t\t\t\t\t\t<section class=\"elementor-section elementor-inner-section elementor-element elementor-element-5508e62 elementor-section-boxed elementor-section-height-default elementor-section-height-default\" data-id=\"5508e62\" data-element_type=\"section\">\n\t\t\t\t\t\t<div class=\"elementor-container elementor-column-gap-no\">\n\t\t\t\t\t<div class=\"elementor-column elementor-col-100 elementor-inner-column elementor-element elementor-element-2271bfb\" data-id=\"2271bfb\" data-element_type=\"column\">\n\t\t\t<div class=\"elementor-widget-wrap elementor-element-populated\">\n\t\t\t\t\t\t<div class=\"elementor-element elementor-element-ad69ef9 elementor-widget__width-initial titulo-negrita elementor-widget elementor-widget-heading\" data-id=\"ad69ef9\" data-element_type=\"widget\" data-widget_type=\"heading.default\">\n\t\t\t\t<div class=\"elementor-widget-container\">\n\t\t\t\t\t<p class=\"elementor-heading-title elementor-size-default\">Torrija de Santa Teresa hecha al momento.<\/p>\t\t\t\t<\/div>\n\t\t\t\t<\/div>\n\t\t\t\t<div class=\"elementor-element elementor-element-3219cfe elementor-widget__width-initial elementor-widget elementor-widget-heading\" data-id=\"3219cfe\" data-element_type=\"widget\" data-widget_type=\"heading.default\">\n\t\t\t\t<div class=\"elementor-widget-container\">\n\t\t\t\t\t<span class=\"elementor-heading-title elementor-size-default\">9,50\u20ac<\/span>\t\t\t\t<\/div>\n\t\t\t\t<\/div>\n\t\t\t\t<div class=\"elementor-element elementor-element-5f36f18 elementor-widget elementor-widget-text-editor\" data-id=\"5f36f18\" data-element_type=\"widget\" data-widget_type=\"text-editor.default\">\n\t\t\t\t<div class=\"elementor-widget-container\">\n\t\t\t\t\t\t\t\t\t<p>De tortel de Can Carbasseres y rataf\u00eda Russet.<\/p>\t\t\t\t\t\t\t\t<\/div>\n\t\t\t\t<\/div>\n\t\t\t\t<div class=\"elementor-element elementor-element-d0e5557 elementor-widget-divider--view-line elementor-widget elementor-widget-divider\" data-id=\"d0e5557\" data-element_type=\"widget\" data-widget_type=\"divider.default\">\n\t\t\t\t<div class=\"elementor-widget-container\">\n\t\t\t\t\t\t\t<div class=\"elementor-divider\">\n\t\t\t<span class=\"elementor-divider-separator\">\n\t\t\t\t\t\t<\/span>\n\t\t<\/div>\n\t\t\t\t\t\t<\/div>\n\t\t\t\t<\/div>\n\t\t\t\t<div class=\"elementor-element elementor-element-7e7dc3e elementor-widget__width-initial titulo-negrita elementor-widget elementor-widget-heading\" data-id=\"7e7dc3e\" data-element_type=\"widget\" data-widget_type=\"heading.default\">\n\t\t\t\t<div class=\"elementor-widget-container\">\n\t\t\t\t\t<p class=\"elementor-heading-title elementor-size-default\">Flan cremoso.<\/p>\t\t\t\t<\/div>\n\t\t\t\t<\/div>\n\t\t\t\t<div class=\"elementor-element elementor-element-bfb2362 elementor-widget__width-initial elementor-widget elementor-widget-heading\" data-id=\"bfb2362\" data-element_type=\"widget\" data-widget_type=\"heading.default\">\n\t\t\t\t<div class=\"elementor-widget-container\">\n\t\t\t\t\t<span class=\"elementor-heading-title elementor-size-default\">7,50\u20ac<\/span>\t\t\t\t<\/div>\n\t\t\t\t<\/div>\n\t\t\t\t<div class=\"elementor-element elementor-element-94fe06a elementor-widget elementor-widget-text-editor\" data-id=\"94fe06a\" data-element_type=\"widget\" data-widget_type=\"text-editor.default\">\n\t\t\t\t<div class=\"elementor-widget-container\">\n\t\t\t\t\t\t\t\t\t<p>De reques\u00f3n y leche fresca de oveja.<\/p>\t\t\t\t\t\t\t\t<\/div>\n\t\t\t\t<\/div>\n\t\t\t\t<div class=\"elementor-element elementor-element-8209435 elementor-widget-divider--view-line elementor-widget elementor-widget-divider\" data-id=\"8209435\" data-element_type=\"widget\" data-widget_type=\"divider.default\">\n\t\t\t\t<div class=\"elementor-widget-container\">\n\t\t\t\t\t\t\t<div class=\"elementor-divider\">\n\t\t\t<span class=\"elementor-divider-separator\">\n\t\t\t\t\t\t<\/span>\n\t\t<\/div>\n\t\t\t\t\t\t<\/div>\n\t\t\t\t<\/div>\n\t\t\t\t<div class=\"elementor-element elementor-element-f6ca3bc elementor-widget__width-initial titulo-negrita elementor-widget elementor-widget-heading\" data-id=\"f6ca3bc\" data-element_type=\"widget\" data-widget_type=\"heading.default\">\n\t\t\t\t<div class=\"elementor-widget-container\">\n\t\t\t\t\t<p class=\"elementor-heading-title elementor-size-default\">Texturas de manzana de Girona.<\/p>\t\t\t\t<\/div>\n\t\t\t\t<\/div>\n\t\t\t\t<div class=\"elementor-element elementor-element-eedf653 elementor-widget__width-initial elementor-widget elementor-widget-heading\" data-id=\"eedf653\" data-element_type=\"widget\" data-widget_type=\"heading.default\">\n\t\t\t\t<div class=\"elementor-widget-container\">\n\t\t\t\t\t<span class=\"elementor-heading-title elementor-size-default\">9,50\u20ac<\/span>\t\t\t\t<\/div>\n\t\t\t\t<\/div>\n\t\t\t\t<div class=\"elementor-element elementor-element-cecddda elementor-widget elementor-widget-text-editor\" data-id=\"cecddda\" data-element_type=\"widget\" data-widget_type=\"text-editor.default\">\n\t\t\t\t<div class=\"elementor-widget-container\">\n\t\t\t\t\t\t\t\t\t<p>Manzana confitada, l\u00e1minas de manzana fresca, crujiente de manzana caramelizada y granizado de sidra Serps.<\/p>\t\t\t\t\t\t\t\t<\/div>\n\t\t\t\t<\/div>\n\t\t\t\t<div class=\"elementor-element elementor-element-8fab135 elementor-widget-divider--view-line elementor-widget elementor-widget-divider\" data-id=\"8fab135\" data-element_type=\"widget\" data-widget_type=\"divider.default\">\n\t\t\t\t<div class=\"elementor-widget-container\">\n\t\t\t\t\t\t\t<div class=\"elementor-divider\">\n\t\t\t<span class=\"elementor-divider-separator\">\n\t\t\t\t\t\t<\/span>\n\t\t<\/div>\n\t\t\t\t\t\t<\/div>\n\t\t\t\t<\/div>\n\t\t\t\t<div class=\"elementor-element elementor-element-32e7b5f elementor-widget__width-initial titulo-negrita elementor-widget elementor-widget-heading\" data-id=\"32e7b5f\" data-element_type=\"widget\" data-widget_type=\"heading.default\">\n\t\t\t\t<div class=\"elementor-widget-container\">\n\t\t\t\t\t<p class=\"elementor-heading-title elementor-size-default\">Pastel de queso \u201cCipresaia\u201d.<\/p>\t\t\t\t<\/div>\n\t\t\t\t<\/div>\n\t\t\t\t<div class=\"elementor-element elementor-element-5083524 elementor-widget__width-initial elementor-widget elementor-widget-heading\" data-id=\"5083524\" data-element_type=\"widget\" data-widget_type=\"heading.default\">\n\t\t\t\t<div class=\"elementor-widget-container\">\n\t\t\t\t\t<span class=\"elementor-heading-title elementor-size-default\">11,50\u20ac<\/span>\t\t\t\t<\/div>\n\t\t\t\t<\/div>\n\t\t\t\t<div class=\"elementor-element elementor-element-60662b6 elementor-widget elementor-widget-text-editor\" data-id=\"60662b6\" data-element_type=\"widget\" data-widget_type=\"text-editor.default\">\n\t\t\t\t<div class=\"elementor-widget-container\">\n\t\t\t\t\t\t\t\t\t<p>Manyac de la Xiquella y Glauc de la Xauxa.<\/p>\t\t\t\t\t\t\t\t<\/div>\n\t\t\t\t<\/div>\n\t\t\t\t<div class=\"elementor-element elementor-element-858b7c1 elementor-widget-divider--view-line elementor-widget elementor-widget-divider\" data-id=\"858b7c1\" data-element_type=\"widget\" data-widget_type=\"divider.default\">\n\t\t\t\t<div class=\"elementor-widget-container\">\n\t\t\t\t\t\t\t<div class=\"elementor-divider\">\n\t\t\t<span class=\"elementor-divider-separator\">\n\t\t\t\t\t\t<\/span>\n\t\t<\/div>\n\t\t\t\t\t\t<\/div>\n\t\t\t\t<\/div>\n\t\t\t\t<div class=\"elementor-element elementor-element-f3905d5 elementor-widget__width-initial titulo-negrita elementor-widget elementor-widget-heading\" data-id=\"f3905d5\" data-element_type=\"widget\" data-widget_type=\"heading.default\">\n\t\t\t\t<div class=\"elementor-widget-container\">\n\t\t\t\t\t<p class=\"elementor-heading-title elementor-size-default\">Trufas de chocolate caseras.<\/p>\t\t\t\t<\/div>\n\t\t\t\t<\/div>\n\t\t\t\t<div class=\"elementor-element elementor-element-b5b2298 elementor-widget__width-initial elementor-widget elementor-widget-heading\" data-id=\"b5b2298\" data-element_type=\"widget\" data-widget_type=\"heading.default\">\n\t\t\t\t<div class=\"elementor-widget-container\">\n\t\t\t\t\t<span class=\"elementor-heading-title elementor-size-default\">8,50\u20ac<\/span>\t\t\t\t<\/div>\n\t\t\t\t<\/div>\n\t\t\t\t<div class=\"elementor-element elementor-element-5abad23 elementor-widget elementor-widget-text-editor\" data-id=\"5abad23\" data-element_type=\"widget\" data-widget_type=\"text-editor.default\">\n\t\t\t\t<div class=\"elementor-widget-container\">\n\t\t\t\t\t\t\t\t\t<p>Con chocolate de Arnau Triola, aceite de oliva Mas Aur\u00f3 y sal de Taffoni.<\/p>\t\t\t\t\t\t\t\t<\/div>\n\t\t\t\t<\/div>\n\t\t\t\t\t<\/div>\n\t\t<\/div>\n\t\t\t\t\t<\/div>\n\t\t<\/section>\n\t\t\t\t\t<\/div>\n\t\t<\/div>\n\t\t\t\t<div class=\"elementor-column elementor-col-50 elementor-top-column elementor-element elementor-element-765a498\" data-id=\"765a498\" data-element_type=\"column\">\n\t\t\t<div class=\"elementor-widget-wrap elementor-element-populated\">\n\t\t\t\t\t\t<div class=\"elementor-element elementor-element-5f15660 elementor-widget elementor-widget-heading\" data-id=\"5f15660\" data-element_type=\"widget\" data-widget_type=\"heading.default\">\n\t\t\t\t<div class=\"elementor-widget-container\">\n\t\t\t\t\t<p class=\"elementor-heading-title elementor-size-default\">Vinos dulces para acompa\u00f1ar<\/p>\t\t\t\t<\/div>\n\t\t\t\t<\/div>\n\t\t\t\t<div class=\"elementor-element elementor-element-9fc7756 elementor-widget__width-initial titulo-negrita elementor-widget elementor-widget-heading\" data-id=\"9fc7756\" data-element_type=\"widget\" data-widget_type=\"heading.default\">\n\t\t\t\t<div class=\"elementor-widget-container\">\n\t\t\t\t\t<p class=\"elementor-heading-title elementor-size-default\">C\u00f2smic Essencia<\/p>\t\t\t\t<\/div>\n\t\t\t\t<\/div>\n\t\t\t\t<div class=\"elementor-element elementor-element-becc62f elementor-widget__width-initial elementor-widget elementor-widget-heading\" data-id=\"becc62f\" data-element_type=\"widget\" data-widget_type=\"heading.default\">\n\t\t\t\t<div class=\"elementor-widget-container\">\n\t\t\t\t\t<span class=\"elementor-heading-title elementor-size-default\">16,00\u20ac<\/span>\t\t\t\t<\/div>\n\t\t\t\t<\/div>\n\t\t\t\t<div class=\"elementor-element elementor-element-348eda2 elementor-widget elementor-widget-text-editor\" data-id=\"348eda2\" data-element_type=\"widget\" data-widget_type=\"text-editor.default\">\n\t\t\t\t<div class=\"elementor-widget-container\">\n\t\t\t\t\t\t\t\t\t<p>Cari\u00f1ena blanca (Empord\u00e0)<\/p>\t\t\t\t\t\t\t\t<\/div>\n\t\t\t\t<\/div>\n\t\t\t\t<div class=\"elementor-element elementor-element-d9e7d4a elementor-widget-divider--view-line elementor-widget elementor-widget-divider\" data-id=\"d9e7d4a\" data-element_type=\"widget\" data-widget_type=\"divider.default\">\n\t\t\t\t<div class=\"elementor-widget-container\">\n\t\t\t\t\t\t\t<div class=\"elementor-divider\">\n\t\t\t<span class=\"elementor-divider-separator\">\n\t\t\t\t\t\t<\/span>\n\t\t<\/div>\n\t\t\t\t\t\t<\/div>\n\t\t\t\t<\/div>\n\t\t\t\t<div class=\"elementor-element elementor-element-56c7357 elementor-widget__width-initial titulo-negrita elementor-widget elementor-widget-heading\" data-id=\"56c7357\" data-element_type=\"widget\" data-widget_type=\"heading.default\">\n\t\t\t\t<div class=\"elementor-widget-container\">\n\t\t\t\t\t<p class=\"elementor-heading-title elementor-size-default\">Garnatxa Solera 1931<\/p>\t\t\t\t<\/div>\n\t\t\t\t<\/div>\n\t\t\t\t<div class=\"elementor-element elementor-element-5ed6b1a elementor-widget__width-initial elementor-widget elementor-widget-heading\" data-id=\"5ed6b1a\" data-element_type=\"widget\" data-widget_type=\"heading.default\">\n\t\t\t\t<div class=\"elementor-widget-container\">\n\t\t\t\t\t<span class=\"elementor-heading-title elementor-size-default\">9,00\u20ac<\/span>\t\t\t\t<\/div>\n\t\t\t\t<\/div>\n\t\t\t\t<div class=\"elementor-element elementor-element-48823e8 elementor-widget elementor-widget-text-editor\" data-id=\"48823e8\" data-element_type=\"widget\" data-widget_type=\"text-editor.default\">\n\t\t\t\t<div class=\"elementor-widget-container\">\n\t\t\t\t\t\t\t\t\t<p>Garnacha (Empord\u00e0)<\/p>\t\t\t\t\t\t\t\t<\/div>\n\t\t\t\t<\/div>\n\t\t\t\t<div class=\"elementor-element elementor-element-78552cd elementor-widget-divider--view-line elementor-widget elementor-widget-divider\" data-id=\"78552cd\" data-element_type=\"widget\" data-widget_type=\"divider.default\">\n\t\t\t\t<div class=\"elementor-widget-container\">\n\t\t\t\t\t\t\t<div class=\"elementor-divider\">\n\t\t\t<span class=\"elementor-divider-separator\">\n\t\t\t\t\t\t<\/span>\n\t\t<\/div>\n\t\t\t\t\t\t<\/div>\n\t\t\t\t<\/div>\n\t\t\t\t<div class=\"elementor-element elementor-element-b9e7331 elementor-widget__width-initial titulo-negrita elementor-widget elementor-widget-heading\" data-id=\"b9e7331\" data-element_type=\"widget\" data-widget_type=\"heading.default\">\n\t\t\t\t<div class=\"elementor-widget-container\">\n\t\t\t\t\t<p class=\"elementor-heading-title elementor-size-default\">Toro Albal\u00e1 Don PX 2002<\/p>\t\t\t\t<\/div>\n\t\t\t\t<\/div>\n\t\t\t\t<div class=\"elementor-element elementor-element-b697c6e elementor-widget__width-initial elementor-widget elementor-widget-heading\" data-id=\"b697c6e\" data-element_type=\"widget\" data-widget_type=\"heading.default\">\n\t\t\t\t<div class=\"elementor-widget-container\">\n\t\t\t\t\t<span class=\"elementor-heading-title elementor-size-default\">13,00\u20ac<\/span>\t\t\t\t<\/div>\n\t\t\t\t<\/div>\n\t\t\t\t<div class=\"elementor-element elementor-element-1d4a102 elementor-widget elementor-widget-text-editor\" data-id=\"1d4a102\" data-element_type=\"widget\" data-widget_type=\"text-editor.default\">\n\t\t\t\t<div class=\"elementor-widget-container\">\n\t\t\t\t\t\t\t\t\t<p>Pedro Xim\u00e9nez (Montilla-Moriles)<\/p>\t\t\t\t\t\t\t\t<\/div>\n\t\t\t\t<\/div>\n\t\t\t\t<div class=\"elementor-element elementor-element-808e525 elementor-widget-divider--view-line elementor-widget elementor-widget-divider\" data-id=\"808e525\" data-element_type=\"widget\" data-widget_type=\"divider.default\">\n\t\t\t\t<div class=\"elementor-widget-container\">\n\t\t\t\t\t\t\t<div class=\"elementor-divider\">\n\t\t\t<span class=\"elementor-divider-separator\">\n\t\t\t\t\t\t<\/span>\n\t\t<\/div>\n\t\t\t\t\t\t<\/div>\n\t\t\t\t<\/div>\n\t\t\t\t<div class=\"elementor-element elementor-element-6264d9f elementor-widget__width-initial titulo-negrita elementor-widget elementor-widget-heading\" data-id=\"6264d9f\" data-element_type=\"widget\" data-widget_type=\"heading.default\">\n\t\t\t\t<div class=\"elementor-widget-container\">\n\t\t\t\t\t<p class=\"elementor-heading-title elementor-size-default\">Tokaji Diszn\u00f3k\u00f3 \u00c9des Szamorodni<\/p>\t\t\t\t<\/div>\n\t\t\t\t<\/div>\n\t\t\t\t<div class=\"elementor-element elementor-element-820a54c elementor-widget__width-initial elementor-widget elementor-widget-heading\" data-id=\"820a54c\" data-element_type=\"widget\" data-widget_type=\"heading.default\">\n\t\t\t\t<div class=\"elementor-widget-container\">\n\t\t\t\t\t<span class=\"elementor-heading-title elementor-size-default\">15,00\u20ac<\/span>\t\t\t\t<\/div>\n\t\t\t\t<\/div>\n\t\t\t\t<div class=\"elementor-element elementor-element-b268c6a elementor-widget elementor-widget-text-editor\" data-id=\"b268c6a\" data-element_type=\"widget\" data-widget_type=\"text-editor.default\">\n\t\t\t\t<div class=\"elementor-widget-container\">\n\t\t\t\t\t\t\t\t\t<p>(Hungr\u00eda)<\/p>\t\t\t\t\t\t\t\t<\/div>\n\t\t\t\t<\/div>\n\t\t\t\t\t<\/div>\n\t\t<\/div>\n\t\t\t\t\t<\/div>\n\t\t<\/section>\n\t\t\t\t<\/div>\n\t\t","protected":false},"excerpt":{"rendered":"<p>Torrija de Santa Teresa hecha al momento. 9,50\u20ac De tortel de Can Carbasseres y rataf\u00eda Russet. Flan cremoso. 7,50\u20ac De reques\u00f3n y leche fresca de oveja. Texturas de manzana de Girona. 9,50\u20ac Manzana confitada, l\u00e1minas de manzana fresca, crujiente de manzana caramelizada y granizado de sidra Serps. Pastel de queso \u201cCipresaia\u201d. 11,50\u20ac Manyac de la&#8230;<\/p>\n","protected":false},"author":1,"featured_media":0,"parent":989524,"menu_order":0,"comment_status":"closed","ping_status":"closed","template":"","meta":{"footnotes":""},"class_list":["post-989432","page","type-page","status-publish","hentry"],"yoast_head":"<!-- This site is optimized with the Yoast SEO plugin v26.9 - https:\/\/yoast.com\/product\/yoast-seo-wordpress\/ -->\n<title>Postres - Restaurant Cipresaia<\/title>\n<meta name=\"robots\" content=\"index, follow, max-snippet:-1, max-image-preview:large, max-video-preview:-1\" \/>\n<link rel=\"canonical\" href=\"https:\/\/cipresaia.cat\/es\/carta\/postre\/\" \/>\n<meta property=\"og:locale\" content=\"es_ES\" \/>\n<meta property=\"og:type\" content=\"article\" \/>\n<meta property=\"og:title\" content=\"Postres - Restaurant Cipresaia\" \/>\n<meta property=\"og:description\" content=\"Torrija de Santa Teresa hecha al momento. 9,50\u20ac De tortel de Can Carbasseres y rataf\u00eda Russet. Flan cremoso. 7,50\u20ac De reques\u00f3n y leche fresca de oveja. Texturas de manzana de Girona. 9,50\u20ac Manzana confitada, l\u00e1minas de manzana fresca, crujiente de manzana caramelizada y granizado de sidra Serps. Pastel de queso \u201cCipresaia\u201d. 11,50\u20ac Manyac de la...\" \/>\n<meta property=\"og:url\" content=\"https:\/\/cipresaia.cat\/es\/carta\/postre\/\" \/>\n<meta property=\"og:site_name\" content=\"Restaurant Cipresaia\" \/>\n<meta property=\"article:modified_time\" content=\"2026-02-24T08:51:20+00:00\" \/>\n<meta name=\"twitter:card\" content=\"summary_large_image\" \/>\n<meta name=\"twitter:label1\" content=\"Tiempo de lectura\" \/>\n\t<meta name=\"twitter:data1\" content=\"1 minuto\" \/>\n<script type=\"application\/ld+json\" class=\"yoast-schema-graph\">{\"@context\":\"https:\/\/schema.org\",\"@graph\":[{\"@type\":\"WebPage\",\"@id\":\"https:\/\/cipresaia.cat\/es\/carta\/postre\/\",\"url\":\"https:\/\/cipresaia.cat\/es\/carta\/postre\/\",\"name\":\"Postres - Restaurant Cipresaia\",\"isPartOf\":{\"@id\":\"https:\/\/cipresaia.cat\/#website\"},\"datePublished\":\"2023-02-06T14:48:25+00:00\",\"dateModified\":\"2026-02-24T08:51:20+00:00\",\"breadcrumb\":{\"@id\":\"https:\/\/cipresaia.cat\/es\/carta\/postre\/#breadcrumb\"},\"inLanguage\":\"es\",\"potentialAction\":[{\"@type\":\"ReadAction\",\"target\":[\"https:\/\/cipresaia.cat\/es\/carta\/postre\/\"]}]},{\"@type\":\"BreadcrumbList\",\"@id\":\"https:\/\/cipresaia.cat\/es\/carta\/postre\/#breadcrumb\",\"itemListElement\":[{\"@type\":\"ListItem\",\"position\":1,\"name\":\"Portada\",\"item\":\"https:\/\/cipresaia.cat\/es\/\"},{\"@type\":\"ListItem\",\"position\":2,\"name\":\"Carta\",\"item\":\"https:\/\/cipresaia.cat\/es\/carta\/\"},{\"@type\":\"ListItem\",\"position\":3,\"name\":\"Postres\"}]},{\"@type\":\"WebSite\",\"@id\":\"https:\/\/cipresaia.cat\/#website\",\"url\":\"https:\/\/cipresaia.cat\/\",\"name\":\"Restaurant Cipresaia\",\"description\":\"\",\"publisher\":{\"@id\":\"https:\/\/cipresaia.cat\/#organization\"},\"potentialAction\":[{\"@type\":\"SearchAction\",\"target\":{\"@type\":\"EntryPoint\",\"urlTemplate\":\"https:\/\/cipresaia.cat\/?s={search_term_string}\"},\"query-input\":{\"@type\":\"PropertyValueSpecification\",\"valueRequired\":true,\"valueName\":\"search_term_string\"}}],\"inLanguage\":\"es\"},{\"@type\":\"Organization\",\"@id\":\"https:\/\/cipresaia.cat\/#organization\",\"name\":\"Restaurant Cipresaia\",\"url\":\"https:\/\/cipresaia.cat\/\",\"logo\":{\"@type\":\"ImageObject\",\"inLanguage\":\"es\",\"@id\":\"https:\/\/cipresaia.cat\/#\/schema\/logo\/image\/\",\"url\":\"https:\/\/cipresaia.cat\/wp-content\/uploads\/2026\/01\/Cipresaia_LogoCompost_vermell.png\",\"contentUrl\":\"https:\/\/cipresaia.cat\/wp-content\/uploads\/2026\/01\/Cipresaia_LogoCompost_vermell.png\",\"width\":1438,\"height\":830,\"caption\":\"Restaurant Cipresaia\"},\"image\":{\"@id\":\"https:\/\/cipresaia.cat\/#\/schema\/logo\/image\/\"},\"sameAs\":[\"https:\/\/www.instagram.com\/cipresaia\/\"]}]}<\/script>\n<!-- \/ Yoast SEO plugin. -->","yoast_head_json":{"title":"Postres - Restaurant Cipresaia","robots":{"index":"index","follow":"follow","max-snippet":"max-snippet:-1","max-image-preview":"max-image-preview:large","max-video-preview":"max-video-preview:-1"},"canonical":"https:\/\/cipresaia.cat\/es\/carta\/postre\/","og_locale":"es_ES","og_type":"article","og_title":"Postres - Restaurant Cipresaia","og_description":"Torrija de Santa Teresa hecha al momento. 9,50\u20ac De tortel de Can Carbasseres y rataf\u00eda Russet. Flan cremoso. 7,50\u20ac De reques\u00f3n y leche fresca de oveja. Texturas de manzana de Girona. 9,50\u20ac Manzana confitada, l\u00e1minas de manzana fresca, crujiente de manzana caramelizada y granizado de sidra Serps. Pastel de queso \u201cCipresaia\u201d. 11,50\u20ac Manyac de la...","og_url":"https:\/\/cipresaia.cat\/es\/carta\/postre\/","og_site_name":"Restaurant Cipresaia","article_modified_time":"2026-02-24T08:51:20+00:00","twitter_card":"summary_large_image","twitter_misc":{"Tiempo de lectura":"1 minuto"},"schema":{"@context":"https:\/\/schema.org","@graph":[{"@type":"WebPage","@id":"https:\/\/cipresaia.cat\/es\/carta\/postre\/","url":"https:\/\/cipresaia.cat\/es\/carta\/postre\/","name":"Postres - Restaurant Cipresaia","isPartOf":{"@id":"https:\/\/cipresaia.cat\/#website"},"datePublished":"2023-02-06T14:48:25+00:00","dateModified":"2026-02-24T08:51:20+00:00","breadcrumb":{"@id":"https:\/\/cipresaia.cat\/es\/carta\/postre\/#breadcrumb"},"inLanguage":"es","potentialAction":[{"@type":"ReadAction","target":["https:\/\/cipresaia.cat\/es\/carta\/postre\/"]}]},{"@type":"BreadcrumbList","@id":"https:\/\/cipresaia.cat\/es\/carta\/postre\/#breadcrumb","itemListElement":[{"@type":"ListItem","position":1,"name":"Portada","item":"https:\/\/cipresaia.cat\/es\/"},{"@type":"ListItem","position":2,"name":"Carta","item":"https:\/\/cipresaia.cat\/es\/carta\/"},{"@type":"ListItem","position":3,"name":"Postres"}]},{"@type":"WebSite","@id":"https:\/\/cipresaia.cat\/#website","url":"https:\/\/cipresaia.cat\/","name":"Restaurant Cipresaia","description":"","publisher":{"@id":"https:\/\/cipresaia.cat\/#organization"},"potentialAction":[{"@type":"SearchAction","target":{"@type":"EntryPoint","urlTemplate":"https:\/\/cipresaia.cat\/?s={search_term_string}"},"query-input":{"@type":"PropertyValueSpecification","valueRequired":true,"valueName":"search_term_string"}}],"inLanguage":"es"},{"@type":"Organization","@id":"https:\/\/cipresaia.cat\/#organization","name":"Restaurant Cipresaia","url":"https:\/\/cipresaia.cat\/","logo":{"@type":"ImageObject","inLanguage":"es","@id":"https:\/\/cipresaia.cat\/#\/schema\/logo\/image\/","url":"https:\/\/cipresaia.cat\/wp-content\/uploads\/2026\/01\/Cipresaia_LogoCompost_vermell.png","contentUrl":"https:\/\/cipresaia.cat\/wp-content\/uploads\/2026\/01\/Cipresaia_LogoCompost_vermell.png","width":1438,"height":830,"caption":"Restaurant Cipresaia"},"image":{"@id":"https:\/\/cipresaia.cat\/#\/schema\/logo\/image\/"},"sameAs":["https:\/\/www.instagram.com\/cipresaia\/"]}]}},"_links":{"self":[{"href":"https:\/\/cipresaia.cat\/es\/wp-json\/wp\/v2\/pages\/989432","targetHints":{"allow":["GET"]}}],"collection":[{"href":"https:\/\/cipresaia.cat\/es\/wp-json\/wp\/v2\/pages"}],"about":[{"href":"https:\/\/cipresaia.cat\/es\/wp-json\/wp\/v2\/types\/page"}],"author":[{"embeddable":true,"href":"https:\/\/cipresaia.cat\/es\/wp-json\/wp\/v2\/users\/1"}],"replies":[{"embeddable":true,"href":"https:\/\/cipresaia.cat\/es\/wp-json\/wp\/v2\/comments?post=989432"}],"version-history":[{"count":3,"href":"https:\/\/cipresaia.cat\/es\/wp-json\/wp\/v2\/pages\/989432\/revisions"}],"predecessor-version":[{"id":989838,"href":"https:\/\/cipresaia.cat\/es\/wp-json\/wp\/v2\/pages\/989432\/revisions\/989838"}],"up":[{"embeddable":true,"href":"https:\/\/cipresaia.cat\/es\/wp-json\/wp\/v2\/pages\/989524"}],"wp:attachment":[{"href":"https:\/\/cipresaia.cat\/es\/wp-json\/wp\/v2\/media?parent=989432"}],"curies":[{"name":"wp","href":"https:\/\/api.w.org\/{rel}","templated":true}]}}