{"id":989436,"date":"2023-02-06T15:48:07","date_gmt":"2023-02-06T14:48:07","guid":{"rendered":"https:\/\/cipresaia.cat\/brasa\/"},"modified":"2026-02-24T09:48:53","modified_gmt":"2026-02-24T08:48:53","slug":"brasa","status":"publish","type":"page","link":"https:\/\/cipresaia.cat\/es\/carta\/brasa\/","title":{"rendered":"Brasa"},"content":{"rendered":"\t\t<div data-elementor-type=\"wp-page\" data-elementor-id=\"989436\" class=\"elementor elementor-989436 elementor-5035\" data-elementor-post-type=\"page\">\n\t\t\t\t\t\t<section class=\"elementor-section elementor-top-section elementor-element elementor-element-f970911 elementor-section-boxed elementor-section-height-default elementor-section-height-default\" data-id=\"f970911\" data-element_type=\"section\" data-settings=\"{&quot;background_background&quot;:&quot;classic&quot;}\">\n\t\t\t\t\t\t<div class=\"elementor-container elementor-column-gap-no\">\n\t\t\t\t\t<div class=\"elementor-column elementor-col-100 elementor-top-column elementor-element elementor-element-7a40757\" data-id=\"7a40757\" data-element_type=\"column\">\n\t\t\t<div class=\"elementor-widget-wrap elementor-element-populated\">\n\t\t\t\t\t\t<div class=\"elementor-element elementor-element-8d1a4b8 elementor-widget elementor-widget-text-editor\" data-id=\"8d1a4b8\" data-element_type=\"widget\" data-widget_type=\"text-editor.default\">\n\t\t\t\t<div class=\"elementor-widget-container\">\n\t\t\t\t\t\t\t\t\t<p>En el Restaurante Cipresaia apostamos por el producto de temporada y de proximidad. La brasa y los platos fuera de carta pueden cambiar seg\u00fan lo que el mercado nos ofrece.<\/p><p><em><strong>Nuestro equipo estar\u00e1 encantado de explic\u00e1rtelo.<\/strong><\/em><\/p>\t\t\t\t\t\t\t\t<\/div>\n\t\t\t\t<\/div>\n\t\t\t\t<div class=\"elementor-element elementor-element-8c41162 elementor-widget elementor-widget-spacer\" data-id=\"8c41162\" data-element_type=\"widget\" data-widget_type=\"spacer.default\">\n\t\t\t\t<div class=\"elementor-widget-container\">\n\t\t\t\t\t\t\t<div class=\"elementor-spacer\">\n\t\t\t<div class=\"elementor-spacer-inner\"><\/div>\n\t\t<\/div>\n\t\t\t\t\t\t<\/div>\n\t\t\t\t<\/div>\n\t\t\t\t\t<\/div>\n\t\t<\/div>\n\t\t\t\t\t<\/div>\n\t\t<\/section>\n\t\t\t\t<\/div>\n\t\t","protected":false},"excerpt":{"rendered":"<p>En el Restaurante Cipresaia apostamos por el producto de temporada y de proximidad. La brasa y los platos fuera de carta pueden cambiar seg\u00fan lo que el mercado nos ofrece. Nuestro equipo estar\u00e1 encantado de explic\u00e1rtelo.<\/p>\n","protected":false},"author":1,"featured_media":0,"parent":989524,"menu_order":0,"comment_status":"closed","ping_status":"closed","template":"","meta":{"footnotes":""},"class_list":["post-989436","page","type-page","status-publish","hentry"],"yoast_head":"<!-- This site is optimized with the Yoast SEO plugin v26.9 - https:\/\/yoast.com\/product\/yoast-seo-wordpress\/ -->\n<title>Brasa - Restaurant Cipresaia<\/title>\n<meta name=\"robots\" content=\"index, follow, max-snippet:-1, max-image-preview:large, max-video-preview:-1\" \/>\n<link rel=\"canonical\" href=\"https:\/\/cipresaia.cat\/es\/carta\/brasa\/\" \/>\n<meta property=\"og:locale\" content=\"es_ES\" \/>\n<meta property=\"og:type\" content=\"article\" \/>\n<meta property=\"og:title\" content=\"Brasa - Restaurant Cipresaia\" \/>\n<meta property=\"og:description\" content=\"En el Restaurante Cipresaia apostamos por el producto de temporada y de proximidad. La brasa y los platos fuera de carta pueden cambiar seg\u00fan lo que el mercado nos ofrece. Nuestro equipo estar\u00e1 encantado de explic\u00e1rtelo.\" \/>\n<meta property=\"og:url\" content=\"https:\/\/cipresaia.cat\/es\/carta\/brasa\/\" \/>\n<meta property=\"og:site_name\" content=\"Restaurant Cipresaia\" \/>\n<meta property=\"article:modified_time\" content=\"2026-02-24T08:48:53+00:00\" \/>\n<meta name=\"twitter:card\" content=\"summary_large_image\" \/>\n<script type=\"application\/ld+json\" class=\"yoast-schema-graph\">{\"@context\":\"https:\/\/schema.org\",\"@graph\":[{\"@type\":\"WebPage\",\"@id\":\"https:\/\/cipresaia.cat\/es\/carta\/brasa\/\",\"url\":\"https:\/\/cipresaia.cat\/es\/carta\/brasa\/\",\"name\":\"Brasa - Restaurant Cipresaia\",\"isPartOf\":{\"@id\":\"https:\/\/cipresaia.cat\/#website\"},\"datePublished\":\"2023-02-06T14:48:07+00:00\",\"dateModified\":\"2026-02-24T08:48:53+00:00\",\"breadcrumb\":{\"@id\":\"https:\/\/cipresaia.cat\/es\/carta\/brasa\/#breadcrumb\"},\"inLanguage\":\"es\",\"potentialAction\":[{\"@type\":\"ReadAction\",\"target\":[\"https:\/\/cipresaia.cat\/es\/carta\/brasa\/\"]}]},{\"@type\":\"BreadcrumbList\",\"@id\":\"https:\/\/cipresaia.cat\/es\/carta\/brasa\/#breadcrumb\",\"itemListElement\":[{\"@type\":\"ListItem\",\"position\":1,\"name\":\"Portada\",\"item\":\"https:\/\/cipresaia.cat\/es\/\"},{\"@type\":\"ListItem\",\"position\":2,\"name\":\"Carta\",\"item\":\"https:\/\/cipresaia.cat\/es\/carta\/\"},{\"@type\":\"ListItem\",\"position\":3,\"name\":\"Brasa\"}]},{\"@type\":\"WebSite\",\"@id\":\"https:\/\/cipresaia.cat\/#website\",\"url\":\"https:\/\/cipresaia.cat\/\",\"name\":\"Restaurant Cipresaia\",\"description\":\"\",\"publisher\":{\"@id\":\"https:\/\/cipresaia.cat\/#organization\"},\"potentialAction\":[{\"@type\":\"SearchAction\",\"target\":{\"@type\":\"EntryPoint\",\"urlTemplate\":\"https:\/\/cipresaia.cat\/?s={search_term_string}\"},\"query-input\":{\"@type\":\"PropertyValueSpecification\",\"valueRequired\":true,\"valueName\":\"search_term_string\"}}],\"inLanguage\":\"es\"},{\"@type\":\"Organization\",\"@id\":\"https:\/\/cipresaia.cat\/#organization\",\"name\":\"Restaurant Cipresaia\",\"url\":\"https:\/\/cipresaia.cat\/\",\"logo\":{\"@type\":\"ImageObject\",\"inLanguage\":\"es\",\"@id\":\"https:\/\/cipresaia.cat\/#\/schema\/logo\/image\/\",\"url\":\"https:\/\/cipresaia.cat\/wp-content\/uploads\/2026\/01\/Cipresaia_LogoCompost_vermell.png\",\"contentUrl\":\"https:\/\/cipresaia.cat\/wp-content\/uploads\/2026\/01\/Cipresaia_LogoCompost_vermell.png\",\"width\":1438,\"height\":830,\"caption\":\"Restaurant Cipresaia\"},\"image\":{\"@id\":\"https:\/\/cipresaia.cat\/#\/schema\/logo\/image\/\"},\"sameAs\":[\"https:\/\/www.instagram.com\/cipresaia\/\"]}]}<\/script>\n<!-- \/ Yoast SEO plugin. -->","yoast_head_json":{"title":"Brasa - Restaurant Cipresaia","robots":{"index":"index","follow":"follow","max-snippet":"max-snippet:-1","max-image-preview":"max-image-preview:large","max-video-preview":"max-video-preview:-1"},"canonical":"https:\/\/cipresaia.cat\/es\/carta\/brasa\/","og_locale":"es_ES","og_type":"article","og_title":"Brasa - Restaurant Cipresaia","og_description":"En el Restaurante Cipresaia apostamos por el producto de temporada y de proximidad. La brasa y los platos fuera de carta pueden cambiar seg\u00fan lo que el mercado nos ofrece. Nuestro equipo estar\u00e1 encantado de explic\u00e1rtelo.","og_url":"https:\/\/cipresaia.cat\/es\/carta\/brasa\/","og_site_name":"Restaurant Cipresaia","article_modified_time":"2026-02-24T08:48:53+00:00","twitter_card":"summary_large_image","schema":{"@context":"https:\/\/schema.org","@graph":[{"@type":"WebPage","@id":"https:\/\/cipresaia.cat\/es\/carta\/brasa\/","url":"https:\/\/cipresaia.cat\/es\/carta\/brasa\/","name":"Brasa - Restaurant Cipresaia","isPartOf":{"@id":"https:\/\/cipresaia.cat\/#website"},"datePublished":"2023-02-06T14:48:07+00:00","dateModified":"2026-02-24T08:48:53+00:00","breadcrumb":{"@id":"https:\/\/cipresaia.cat\/es\/carta\/brasa\/#breadcrumb"},"inLanguage":"es","potentialAction":[{"@type":"ReadAction","target":["https:\/\/cipresaia.cat\/es\/carta\/brasa\/"]}]},{"@type":"BreadcrumbList","@id":"https:\/\/cipresaia.cat\/es\/carta\/brasa\/#breadcrumb","itemListElement":[{"@type":"ListItem","position":1,"name":"Portada","item":"https:\/\/cipresaia.cat\/es\/"},{"@type":"ListItem","position":2,"name":"Carta","item":"https:\/\/cipresaia.cat\/es\/carta\/"},{"@type":"ListItem","position":3,"name":"Brasa"}]},{"@type":"WebSite","@id":"https:\/\/cipresaia.cat\/#website","url":"https:\/\/cipresaia.cat\/","name":"Restaurant Cipresaia","description":"","publisher":{"@id":"https:\/\/cipresaia.cat\/#organization"},"potentialAction":[{"@type":"SearchAction","target":{"@type":"EntryPoint","urlTemplate":"https:\/\/cipresaia.cat\/?s={search_term_string}"},"query-input":{"@type":"PropertyValueSpecification","valueRequired":true,"valueName":"search_term_string"}}],"inLanguage":"es"},{"@type":"Organization","@id":"https:\/\/cipresaia.cat\/#organization","name":"Restaurant Cipresaia","url":"https:\/\/cipresaia.cat\/","logo":{"@type":"ImageObject","inLanguage":"es","@id":"https:\/\/cipresaia.cat\/#\/schema\/logo\/image\/","url":"https:\/\/cipresaia.cat\/wp-content\/uploads\/2026\/01\/Cipresaia_LogoCompost_vermell.png","contentUrl":"https:\/\/cipresaia.cat\/wp-content\/uploads\/2026\/01\/Cipresaia_LogoCompost_vermell.png","width":1438,"height":830,"caption":"Restaurant Cipresaia"},"image":{"@id":"https:\/\/cipresaia.cat\/#\/schema\/logo\/image\/"},"sameAs":["https:\/\/www.instagram.com\/cipresaia\/"]}]}},"_links":{"self":[{"href":"https:\/\/cipresaia.cat\/es\/wp-json\/wp\/v2\/pages\/989436","targetHints":{"allow":["GET"]}}],"collection":[{"href":"https:\/\/cipresaia.cat\/es\/wp-json\/wp\/v2\/pages"}],"about":[{"href":"https:\/\/cipresaia.cat\/es\/wp-json\/wp\/v2\/types\/page"}],"author":[{"embeddable":true,"href":"https:\/\/cipresaia.cat\/es\/wp-json\/wp\/v2\/users\/1"}],"replies":[{"embeddable":true,"href":"https:\/\/cipresaia.cat\/es\/wp-json\/wp\/v2\/comments?post=989436"}],"version-history":[{"count":3,"href":"https:\/\/cipresaia.cat\/es\/wp-json\/wp\/v2\/pages\/989436\/revisions"}],"predecessor-version":[{"id":989836,"href":"https:\/\/cipresaia.cat\/es\/wp-json\/wp\/v2\/pages\/989436\/revisions\/989836"}],"up":[{"embeddable":true,"href":"https:\/\/cipresaia.cat\/es\/wp-json\/wp\/v2\/pages\/989524"}],"wp:attachment":[{"href":"https:\/\/cipresaia.cat\/es\/wp-json\/wp\/v2\/media?parent=989436"}],"curies":[{"name":"wp","href":"https:\/\/api.w.org\/{rel}","templated":true}]}}