{"id":989938,"date":"2026-03-11T12:08:16","date_gmt":"2026-03-11T11:08:16","guid":{"rendered":"https:\/\/cipresaia.cat\/carta\/menu-degustacion\/"},"modified":"2026-03-11T12:42:20","modified_gmt":"2026-03-11T11:42:20","slug":"menu-degustacion","status":"publish","type":"page","link":"https:\/\/cipresaia.cat\/es\/carta\/menu-degustacion\/","title":{"rendered":"Men\u00fa degustaci\u00f3n"},"content":{"rendered":"\t\t<div data-elementor-type=\"wp-page\" data-elementor-id=\"989938\" class=\"elementor elementor-989938 elementor-989907\" data-elementor-post-type=\"page\">\n\t\t\t\t\t\t<section class=\"elementor-section elementor-top-section elementor-element elementor-element-b6f501a elementor-section-boxed elementor-section-height-default elementor-section-height-default\" data-id=\"b6f501a\" data-element_type=\"section\">\n\t\t\t\t\t\t<div class=\"elementor-container elementor-column-gap-no\">\n\t\t\t\t\t<div class=\"elementor-column elementor-col-100 elementor-top-column elementor-element elementor-element-3733592\" data-id=\"3733592\" data-element_type=\"column\">\n\t\t\t<div class=\"elementor-widget-wrap elementor-element-populated\">\n\t\t\t\t\t\t<section class=\"elementor-section elementor-inner-section elementor-element elementor-element-1d149bc elementor-section-boxed elementor-section-height-default elementor-section-height-default\" data-id=\"1d149bc\" data-element_type=\"section\">\n\t\t\t\t\t\t<div class=\"elementor-container elementor-column-gap-no\">\n\t\t\t\t\t<div class=\"elementor-column elementor-col-100 elementor-inner-column elementor-element elementor-element-8dff353\" data-id=\"8dff353\" data-element_type=\"column\">\n\t\t\t<div class=\"elementor-widget-wrap elementor-element-populated\">\n\t\t\t\t\t\t<div class=\"elementor-element elementor-element-f75b904 elementor-widget__width-initial titulo-negrita elementor-widget elementor-widget-heading\" data-id=\"f75b904\" data-element_type=\"widget\" data-widget_type=\"heading.default\">\n\t\t\t\t<div class=\"elementor-widget-container\">\n\t\t\t\t\t<p class=\"elementor-heading-title elementor-size-default\">Nuestra escalivada con anchoa extra de L'Escala.<\/p>\t\t\t\t<\/div>\n\t\t\t\t<\/div>\n\t\t\t\t<div class=\"elementor-element elementor-element-6b6594e elementor-widget elementor-widget-text-editor\" data-id=\"6b6594e\" data-element_type=\"widget\" data-widget_type=\"text-editor.default\">\n\t\t\t\t<div class=\"elementor-widget-container\">\n\t\t\t\t\t\t\t\t\t<p>Sobre coca de aceite de La Puntual.<\/p>\t\t\t\t\t\t\t\t<\/div>\n\t\t\t\t<\/div>\n\t\t\t\t<div class=\"elementor-element elementor-element-5442ad2 elementor-widget-divider--view-line elementor-widget elementor-widget-divider\" data-id=\"5442ad2\" data-element_type=\"widget\" data-widget_type=\"divider.default\">\n\t\t\t\t<div class=\"elementor-widget-container\">\n\t\t\t\t\t\t\t<div class=\"elementor-divider\">\n\t\t\t<span class=\"elementor-divider-separator\">\n\t\t\t\t\t\t<\/span>\n\t\t<\/div>\n\t\t\t\t\t\t<\/div>\n\t\t\t\t<\/div>\n\t\t\t\t<div class=\"elementor-element elementor-element-8273e18 elementor-widget__width-initial titulo-negrita elementor-widget elementor-widget-heading\" data-id=\"8273e18\" data-element_type=\"widget\" data-widget_type=\"heading.default\">\n\t\t\t\t<div class=\"elementor-widget-container\">\n\t\t\t\t\t<p class=\"elementor-heading-title elementor-size-default\">Cal\u00e7ots a la vinagreta.<\/p>\t\t\t\t<\/div>\n\t\t\t\t<\/div>\n\t\t\t\t<div class=\"elementor-element elementor-element-a2aa897 elementor-widget elementor-widget-text-editor\" data-id=\"a2aa897\" data-element_type=\"widget\" data-widget_type=\"text-editor.default\">\n\t\t\t\t<div class=\"elementor-widget-container\">\n\t\t\t\t\t\t\t\t\t<p>Con avellanas tostadas, pralin\u00e9 y queso de oveja Mas Farr\u00f3.<\/p>\t\t\t\t\t\t\t\t<\/div>\n\t\t\t\t<\/div>\n\t\t\t\t<div class=\"elementor-element elementor-element-fc62f29 elementor-widget-divider--view-line elementor-widget elementor-widget-divider\" data-id=\"fc62f29\" data-element_type=\"widget\" data-widget_type=\"divider.default\">\n\t\t\t\t<div class=\"elementor-widget-container\">\n\t\t\t\t\t\t\t<div class=\"elementor-divider\">\n\t\t\t<span class=\"elementor-divider-separator\">\n\t\t\t\t\t\t<\/span>\n\t\t<\/div>\n\t\t\t\t\t\t<\/div>\n\t\t\t\t<\/div>\n\t\t\t\t<div class=\"elementor-element elementor-element-afc3fb3 elementor-widget__width-initial titulo-negrita elementor-widget elementor-widget-heading\" data-id=\"afc3fb3\" data-element_type=\"widget\" data-widget_type=\"heading.default\">\n\t\t\t\t<div class=\"elementor-widget-container\">\n\t\t\t\t\t<p class=\"elementor-heading-title elementor-size-default\">Bacalao con jud\u00edas de Santa Pau.<\/p>\t\t\t\t<\/div>\n\t\t\t\t<\/div>\n\t\t\t\t<div class=\"elementor-element elementor-element-51336f2 elementor-widget elementor-widget-text-editor\" data-id=\"51336f2\" data-element_type=\"widget\" data-widget_type=\"text-editor.default\">\n\t\t\t\t<div class=\"elementor-widget-container\">\n\t\t\t\t\t\t\t\t\t<p>Morro de bacalao confitado con guiso de jud\u00edas y tripas de bacalao.<\/p>\t\t\t\t\t\t\t\t<\/div>\n\t\t\t\t<\/div>\n\t\t\t\t<div class=\"elementor-element elementor-element-b4597b2 elementor-widget-divider--view-line elementor-widget elementor-widget-divider\" data-id=\"b4597b2\" data-element_type=\"widget\" data-widget_type=\"divider.default\">\n\t\t\t\t<div class=\"elementor-widget-container\">\n\t\t\t\t\t\t\t<div class=\"elementor-divider\">\n\t\t\t<span class=\"elementor-divider-separator\">\n\t\t\t\t\t\t<\/span>\n\t\t<\/div>\n\t\t\t\t\t\t<\/div>\n\t\t\t\t<\/div>\n\t\t\t\t<div class=\"elementor-element elementor-element-417e5f3 elementor-widget__width-initial titulo-negrita elementor-widget elementor-widget-heading\" data-id=\"417e5f3\" data-element_type=\"widget\" data-widget_type=\"heading.default\">\n\t\t\t\t<div class=\"elementor-widget-container\">\n\t\t\t\t\t<p class=\"elementor-heading-title elementor-size-default\">Calamar de costa relleno de butifarra de perol.<\/p>\t\t\t\t<\/div>\n\t\t\t\t<\/div>\n\t\t\t\t<div class=\"elementor-element elementor-element-b0f8cd9 elementor-widget elementor-widget-text-editor\" data-id=\"b0f8cd9\" data-element_type=\"widget\" data-widget_type=\"text-editor.default\">\n\t\t\t\t<div class=\"elementor-widget-container\">\n\t\t\t\t\t\t\t\t\t<p>Con salsa de mantequilla y vino rancio del Empord\u00e0, y ensalada de hinojos.<\/p>\t\t\t\t\t\t\t\t<\/div>\n\t\t\t\t<\/div>\n\t\t\t\t<div class=\"elementor-element elementor-element-79d5151 elementor-widget-divider--view-line elementor-widget elementor-widget-divider\" data-id=\"79d5151\" data-element_type=\"widget\" data-widget_type=\"divider.default\">\n\t\t\t\t<div class=\"elementor-widget-container\">\n\t\t\t\t\t\t\t<div class=\"elementor-divider\">\n\t\t\t<span class=\"elementor-divider-separator\">\n\t\t\t\t\t\t<\/span>\n\t\t<\/div>\n\t\t\t\t\t\t<\/div>\n\t\t\t\t<\/div>\n\t\t\t\t<div class=\"elementor-element elementor-element-69605eb elementor-widget__width-initial titulo-negrita elementor-widget elementor-widget-heading\" data-id=\"69605eb\" data-element_type=\"widget\" data-widget_type=\"heading.default\">\n\t\t\t\t<div class=\"elementor-widget-container\">\n\t\t\t\t\t<p class=\"elementor-heading-title elementor-size-default\">Royal de pato.<\/p>\t\t\t\t<\/div>\n\t\t\t\t<\/div>\n\t\t\t\t<div class=\"elementor-element elementor-element-379eed2 elementor-widget elementor-widget-text-editor\" data-id=\"379eed2\" data-element_type=\"widget\" data-widget_type=\"text-editor.default\">\n\t\t\t\t<div class=\"elementor-widget-container\">\n\t\t\t\t\t\t\t\t\t<p>Asado con peras al vino blanco y carpaccio de su magret a la brasa.<\/p>\t\t\t\t\t\t\t\t<\/div>\n\t\t\t\t<\/div>\n\t\t\t\t<div class=\"elementor-element elementor-element-2b4d76a elementor-widget-divider--view-line elementor-widget elementor-widget-divider\" data-id=\"2b4d76a\" data-element_type=\"widget\" data-widget_type=\"divider.default\">\n\t\t\t\t<div class=\"elementor-widget-container\">\n\t\t\t\t\t\t\t<div class=\"elementor-divider\">\n\t\t\t<span class=\"elementor-divider-separator\">\n\t\t\t\t\t\t<\/span>\n\t\t<\/div>\n\t\t\t\t\t\t<\/div>\n\t\t\t\t<\/div>\n\t\t\t\t<div class=\"elementor-element elementor-element-7d1dcee elementor-widget__width-initial titulo-negrita elementor-widget elementor-widget-heading\" data-id=\"7d1dcee\" data-element_type=\"widget\" data-widget_type=\"heading.default\">\n\t\t\t\t<div class=\"elementor-widget-container\">\n\t\t\t\t\t<p class=\"elementor-heading-title elementor-size-default\">Texturas de manzana de Girona.<\/p>\t\t\t\t<\/div>\n\t\t\t\t<\/div>\n\t\t\t\t<div class=\"elementor-element elementor-element-ef6bac3 elementor-widget elementor-widget-text-editor\" data-id=\"ef6bac3\" data-element_type=\"widget\" data-widget_type=\"text-editor.default\">\n\t\t\t\t<div class=\"elementor-widget-container\">\n\t\t\t\t\t\t\t\t\t<p>Manzana confitada, l\u00e1minas de manzana fresca, crujiente de manzana caramelizada y granizado de sidra Serps.<\/p>\t\t\t\t\t\t\t\t<\/div>\n\t\t\t\t<\/div>\n\t\t\t\t<div class=\"elementor-element elementor-element-c2d978b elementor-widget-divider--view-line elementor-widget elementor-widget-divider\" data-id=\"c2d978b\" data-element_type=\"widget\" data-widget_type=\"divider.default\">\n\t\t\t\t<div class=\"elementor-widget-container\">\n\t\t\t\t\t\t\t<div class=\"elementor-divider\">\n\t\t\t<span class=\"elementor-divider-separator\">\n\t\t\t\t\t\t<\/span>\n\t\t<\/div>\n\t\t\t\t\t\t<\/div>\n\t\t\t\t<\/div>\n\t\t\t\t<div class=\"elementor-element elementor-element-81acaea elementor-widget__width-initial titulo-negrita elementor-widget elementor-widget-heading\" data-id=\"81acaea\" data-element_type=\"widget\" data-widget_type=\"heading.default\">\n\t\t\t\t<div class=\"elementor-widget-container\">\n\t\t\t\t\t<p class=\"elementor-heading-title elementor-size-default\">Pastel de queso \u201cCipresaia\u201d.<\/p>\t\t\t\t<\/div>\n\t\t\t\t<\/div>\n\t\t\t\t<div class=\"elementor-element elementor-element-e2ff7c1 elementor-widget elementor-widget-text-editor\" data-id=\"e2ff7c1\" data-element_type=\"widget\" data-widget_type=\"text-editor.default\">\n\t\t\t\t<div class=\"elementor-widget-container\">\n\t\t\t\t\t\t\t\t\t<p>Manyac de la Xiquella y Glauc de la Xauxa.<\/p>\t\t\t\t\t\t\t\t<\/div>\n\t\t\t\t<\/div>\n\t\t\t\t<div class=\"elementor-element elementor-element-503b1e9 elementor-hidden-desktop elementor-hidden-tablet elementor-widget-divider--view-line elementor-widget elementor-widget-divider\" data-id=\"503b1e9\" data-element_type=\"widget\" data-widget_type=\"divider.default\">\n\t\t\t\t<div class=\"elementor-widget-container\">\n\t\t\t\t\t\t\t<div class=\"elementor-divider\">\n\t\t\t<span class=\"elementor-divider-separator\">\n\t\t\t\t\t\t<\/span>\n\t\t<\/div>\n\t\t\t\t\t\t<\/div>\n\t\t\t\t<\/div>\n\t\t\t\t\t<\/div>\n\t\t<\/div>\n\t\t\t\t\t<\/div>\n\t\t<\/section>\n\t\t\t\t\t<\/div>\n\t\t<\/div>\n\t\t\t\t\t<\/div>\n\t\t<\/section>\n\t\t\t\t<section class=\"elementor-section elementor-top-section elementor-element elementor-element-a8ffef0 elementor-section-boxed elementor-section-height-default elementor-section-height-default\" data-id=\"a8ffef0\" data-element_type=\"section\">\n\t\t\t\t\t\t<div class=\"elementor-container elementor-column-gap-no\">\n\t\t\t\t\t<div class=\"elementor-column elementor-col-100 elementor-top-column elementor-element elementor-element-4545c3c\" data-id=\"4545c3c\" data-element_type=\"column\">\n\t\t\t<div class=\"elementor-widget-wrap elementor-element-populated\">\n\t\t\t\t\t\t<div class=\"elementor-element elementor-element-f1c4685 elementor-widget elementor-widget-text-editor\" data-id=\"f1c4685\" data-element_type=\"widget\" data-widget_type=\"text-editor.default\">\n\t\t\t\t<div class=\"elementor-widget-container\">\n\t\t\t\t\t\t\t\t\t<p><strong> 75\u20ac \/ PERSONA<\/strong><\/p>\t\t\t\t\t\t\t\t<\/div>\n\t\t\t\t<\/div>\n\t\t\t\t<div class=\"elementor-element elementor-element-74c5be9 elementor-widget elementor-widget-text-editor\" data-id=\"74c5be9\" data-element_type=\"widget\" data-widget_type=\"text-editor.default\">\n\t\t\t\t<div class=\"elementor-widget-container\">\n\t\t\t\t\t\t\t\t\t<p><em>* Bebidas no incluidas<\/em><\/p>\t\t\t\t\t\t\t\t<\/div>\n\t\t\t\t<\/div>\n\t\t\t\t<div class=\"elementor-element elementor-element-0d9b733 elementor-widget elementor-widget-spacer\" data-id=\"0d9b733\" data-element_type=\"widget\" data-widget_type=\"spacer.default\">\n\t\t\t\t<div class=\"elementor-widget-container\">\n\t\t\t\t\t\t\t<div class=\"elementor-spacer\">\n\t\t\t<div class=\"elementor-spacer-inner\"><\/div>\n\t\t<\/div>\n\t\t\t\t\t\t<\/div>\n\t\t\t\t<\/div>\n\t\t\t\t\t<\/div>\n\t\t<\/div>\n\t\t\t\t\t<\/div>\n\t\t<\/section>\n\t\t\t\t<\/div>\n\t\t","protected":false},"excerpt":{"rendered":"<p>Nuestra escalivada con anchoa extra de L&#8217;Escala. Sobre coca de aceite de La Puntual. Cal\u00e7ots a la vinagreta. Con avellanas tostadas, pralin\u00e9 y queso de oveja Mas Farr\u00f3. Bacalao con jud\u00edas de Santa Pau. Morro de bacalao confitado con guiso de jud\u00edas y tripas de bacalao. Calamar de costa relleno de butifarra de perol. Con&#8230;<\/p>\n","protected":false},"author":1,"featured_media":0,"parent":989524,"menu_order":0,"comment_status":"closed","ping_status":"closed","template":"","meta":{"footnotes":""},"class_list":["post-989938","page","type-page","status-publish","hentry"],"yoast_head":"<!-- This site is optimized with the Yoast SEO plugin v26.9 - https:\/\/yoast.com\/product\/yoast-seo-wordpress\/ -->\n<title>Men\u00fa degustaci\u00f3n - Restaurant Cipresaia<\/title>\n<meta name=\"robots\" content=\"index, follow, max-snippet:-1, max-image-preview:large, max-video-preview:-1\" \/>\n<link rel=\"canonical\" href=\"https:\/\/cipresaia.cat\/es\/carta\/menu-degustacion\/\" \/>\n<meta property=\"og:locale\" content=\"es_ES\" \/>\n<meta property=\"og:type\" content=\"article\" \/>\n<meta property=\"og:title\" content=\"Men\u00fa degustaci\u00f3n - Restaurant Cipresaia\" \/>\n<meta property=\"og:description\" content=\"Nuestra escalivada con anchoa extra de L&#8217;Escala. Sobre coca de aceite de La Puntual. Cal\u00e7ots a la vinagreta. Con avellanas tostadas, pralin\u00e9 y queso de oveja Mas Farr\u00f3. Bacalao con jud\u00edas de Santa Pau. Morro de bacalao confitado con guiso de jud\u00edas y tripas de bacalao. Calamar de costa relleno de butifarra de perol. Con...\" \/>\n<meta property=\"og:url\" content=\"https:\/\/cipresaia.cat\/es\/carta\/menu-degustacion\/\" \/>\n<meta property=\"og:site_name\" content=\"Restaurant Cipresaia\" \/>\n<meta property=\"article:modified_time\" content=\"2026-03-11T11:42:20+00:00\" \/>\n<meta name=\"twitter:card\" content=\"summary_large_image\" \/>\n<meta name=\"twitter:label1\" content=\"Tiempo de lectura\" \/>\n\t<meta name=\"twitter:data1\" content=\"1 minuto\" \/>\n<script type=\"application\/ld+json\" class=\"yoast-schema-graph\">{\"@context\":\"https:\/\/schema.org\",\"@graph\":[{\"@type\":\"WebPage\",\"@id\":\"https:\/\/cipresaia.cat\/es\/carta\/menu-degustacion\/\",\"url\":\"https:\/\/cipresaia.cat\/es\/carta\/menu-degustacion\/\",\"name\":\"Men\u00fa degustaci\u00f3n - Restaurant Cipresaia\",\"isPartOf\":{\"@id\":\"https:\/\/cipresaia.cat\/#website\"},\"datePublished\":\"2026-03-11T11:08:16+00:00\",\"dateModified\":\"2026-03-11T11:42:20+00:00\",\"breadcrumb\":{\"@id\":\"https:\/\/cipresaia.cat\/es\/carta\/menu-degustacion\/#breadcrumb\"},\"inLanguage\":\"es\",\"potentialAction\":[{\"@type\":\"ReadAction\",\"target\":[\"https:\/\/cipresaia.cat\/es\/carta\/menu-degustacion\/\"]}]},{\"@type\":\"BreadcrumbList\",\"@id\":\"https:\/\/cipresaia.cat\/es\/carta\/menu-degustacion\/#breadcrumb\",\"itemListElement\":[{\"@type\":\"ListItem\",\"position\":1,\"name\":\"Portada\",\"item\":\"https:\/\/cipresaia.cat\/es\/\"},{\"@type\":\"ListItem\",\"position\":2,\"name\":\"Carta\",\"item\":\"https:\/\/cipresaia.cat\/es\/carta\/\"},{\"@type\":\"ListItem\",\"position\":3,\"name\":\"Men\u00fa degustaci\u00f3n\"}]},{\"@type\":\"WebSite\",\"@id\":\"https:\/\/cipresaia.cat\/#website\",\"url\":\"https:\/\/cipresaia.cat\/\",\"name\":\"Restaurant Cipresaia\",\"description\":\"\",\"publisher\":{\"@id\":\"https:\/\/cipresaia.cat\/#organization\"},\"potentialAction\":[{\"@type\":\"SearchAction\",\"target\":{\"@type\":\"EntryPoint\",\"urlTemplate\":\"https:\/\/cipresaia.cat\/?s={search_term_string}\"},\"query-input\":{\"@type\":\"PropertyValueSpecification\",\"valueRequired\":true,\"valueName\":\"search_term_string\"}}],\"inLanguage\":\"es\"},{\"@type\":\"Organization\",\"@id\":\"https:\/\/cipresaia.cat\/#organization\",\"name\":\"Restaurant Cipresaia\",\"url\":\"https:\/\/cipresaia.cat\/\",\"logo\":{\"@type\":\"ImageObject\",\"inLanguage\":\"es\",\"@id\":\"https:\/\/cipresaia.cat\/#\/schema\/logo\/image\/\",\"url\":\"https:\/\/cipresaia.cat\/wp-content\/uploads\/2026\/01\/Cipresaia_LogoCompost_vermell.png\",\"contentUrl\":\"https:\/\/cipresaia.cat\/wp-content\/uploads\/2026\/01\/Cipresaia_LogoCompost_vermell.png\",\"width\":1438,\"height\":830,\"caption\":\"Restaurant Cipresaia\"},\"image\":{\"@id\":\"https:\/\/cipresaia.cat\/#\/schema\/logo\/image\/\"},\"sameAs\":[\"https:\/\/www.instagram.com\/cipresaia\/\"]}]}<\/script>\n<!-- \/ Yoast SEO plugin. -->","yoast_head_json":{"title":"Men\u00fa degustaci\u00f3n - Restaurant Cipresaia","robots":{"index":"index","follow":"follow","max-snippet":"max-snippet:-1","max-image-preview":"max-image-preview:large","max-video-preview":"max-video-preview:-1"},"canonical":"https:\/\/cipresaia.cat\/es\/carta\/menu-degustacion\/","og_locale":"es_ES","og_type":"article","og_title":"Men\u00fa degustaci\u00f3n - Restaurant Cipresaia","og_description":"Nuestra escalivada con anchoa extra de L&#8217;Escala. Sobre coca de aceite de La Puntual. Cal\u00e7ots a la vinagreta. Con avellanas tostadas, pralin\u00e9 y queso de oveja Mas Farr\u00f3. Bacalao con jud\u00edas de Santa Pau. Morro de bacalao confitado con guiso de jud\u00edas y tripas de bacalao. Calamar de costa relleno de butifarra de perol. Con...","og_url":"https:\/\/cipresaia.cat\/es\/carta\/menu-degustacion\/","og_site_name":"Restaurant Cipresaia","article_modified_time":"2026-03-11T11:42:20+00:00","twitter_card":"summary_large_image","twitter_misc":{"Tiempo de lectura":"1 minuto"},"schema":{"@context":"https:\/\/schema.org","@graph":[{"@type":"WebPage","@id":"https:\/\/cipresaia.cat\/es\/carta\/menu-degustacion\/","url":"https:\/\/cipresaia.cat\/es\/carta\/menu-degustacion\/","name":"Men\u00fa degustaci\u00f3n - Restaurant Cipresaia","isPartOf":{"@id":"https:\/\/cipresaia.cat\/#website"},"datePublished":"2026-03-11T11:08:16+00:00","dateModified":"2026-03-11T11:42:20+00:00","breadcrumb":{"@id":"https:\/\/cipresaia.cat\/es\/carta\/menu-degustacion\/#breadcrumb"},"inLanguage":"es","potentialAction":[{"@type":"ReadAction","target":["https:\/\/cipresaia.cat\/es\/carta\/menu-degustacion\/"]}]},{"@type":"BreadcrumbList","@id":"https:\/\/cipresaia.cat\/es\/carta\/menu-degustacion\/#breadcrumb","itemListElement":[{"@type":"ListItem","position":1,"name":"Portada","item":"https:\/\/cipresaia.cat\/es\/"},{"@type":"ListItem","position":2,"name":"Carta","item":"https:\/\/cipresaia.cat\/es\/carta\/"},{"@type":"ListItem","position":3,"name":"Men\u00fa degustaci\u00f3n"}]},{"@type":"WebSite","@id":"https:\/\/cipresaia.cat\/#website","url":"https:\/\/cipresaia.cat\/","name":"Restaurant Cipresaia","description":"","publisher":{"@id":"https:\/\/cipresaia.cat\/#organization"},"potentialAction":[{"@type":"SearchAction","target":{"@type":"EntryPoint","urlTemplate":"https:\/\/cipresaia.cat\/?s={search_term_string}"},"query-input":{"@type":"PropertyValueSpecification","valueRequired":true,"valueName":"search_term_string"}}],"inLanguage":"es"},{"@type":"Organization","@id":"https:\/\/cipresaia.cat\/#organization","name":"Restaurant Cipresaia","url":"https:\/\/cipresaia.cat\/","logo":{"@type":"ImageObject","inLanguage":"es","@id":"https:\/\/cipresaia.cat\/#\/schema\/logo\/image\/","url":"https:\/\/cipresaia.cat\/wp-content\/uploads\/2026\/01\/Cipresaia_LogoCompost_vermell.png","contentUrl":"https:\/\/cipresaia.cat\/wp-content\/uploads\/2026\/01\/Cipresaia_LogoCompost_vermell.png","width":1438,"height":830,"caption":"Restaurant Cipresaia"},"image":{"@id":"https:\/\/cipresaia.cat\/#\/schema\/logo\/image\/"},"sameAs":["https:\/\/www.instagram.com\/cipresaia\/"]}]}},"_links":{"self":[{"href":"https:\/\/cipresaia.cat\/es\/wp-json\/wp\/v2\/pages\/989938","targetHints":{"allow":["GET"]}}],"collection":[{"href":"https:\/\/cipresaia.cat\/es\/wp-json\/wp\/v2\/pages"}],"about":[{"href":"https:\/\/cipresaia.cat\/es\/wp-json\/wp\/v2\/types\/page"}],"author":[{"embeddable":true,"href":"https:\/\/cipresaia.cat\/es\/wp-json\/wp\/v2\/users\/1"}],"replies":[{"embeddable":true,"href":"https:\/\/cipresaia.cat\/es\/wp-json\/wp\/v2\/comments?post=989938"}],"version-history":[{"count":1,"href":"https:\/\/cipresaia.cat\/es\/wp-json\/wp\/v2\/pages\/989938\/revisions"}],"predecessor-version":[{"id":989939,"href":"https:\/\/cipresaia.cat\/es\/wp-json\/wp\/v2\/pages\/989938\/revisions\/989939"}],"up":[{"embeddable":true,"href":"https:\/\/cipresaia.cat\/es\/wp-json\/wp\/v2\/pages\/989524"}],"wp:attachment":[{"href":"https:\/\/cipresaia.cat\/es\/wp-json\/wp\/v2\/media?parent=989938"}],"curies":[{"name":"wp","href":"https:\/\/api.w.org\/{rel}","templated":true}]}}