{"id":990036,"date":"2026-05-11T09:31:06","date_gmt":"2026-05-11T07:31:06","guid":{"rendered":"https:\/\/cipresaia.cat\/carta-primavera\/"},"modified":"2026-05-11T09:43:21","modified_gmt":"2026-05-11T07:43:21","slug":"carta-primavera","status":"publish","type":"page","link":"https:\/\/cipresaia.cat\/es\/carta-primavera\/","title":{"rendered":"Carta"},"content":{"rendered":"\t\t<div data-elementor-type=\"wp-page\" data-elementor-id=\"990036\" class=\"elementor elementor-990036 elementor-990013\" data-elementor-post-type=\"page\">\n\t\t\t\t\t\t<section class=\"elementor-section elementor-top-section elementor-element elementor-element-1fade93 elementor-section-boxed elementor-section-height-default elementor-section-height-default\" data-id=\"1fade93\" data-element_type=\"section\">\n\t\t\t\t\t\t<div class=\"elementor-container elementor-column-gap-default\">\n\t\t\t\t\t<div class=\"elementor-column elementor-col-50 elementor-top-column elementor-element elementor-element-d6ca767\" data-id=\"d6ca767\" data-element_type=\"column\">\n\t\t\t<div class=\"elementor-widget-wrap elementor-element-populated\">\n\t\t\t\t\t\t<div class=\"elementor-element elementor-element-0c9d799 elementor-widget elementor-widget-image\" data-id=\"0c9d799\" data-element_type=\"widget\" data-widget_type=\"image.default\">\n\t\t\t\t<div class=\"elementor-widget-container\">\n\t\t\t\t\t\t\t\t\t\t\t\t\t\t\t<img fetchpriority=\"high\" decoding=\"async\" width=\"1024\" height=\"683\" src=\"https:\/\/cipresaia.cat\/wp-content\/uploads\/2026\/02\/menu-cipresaia-2-1024x683.webp\" class=\"attachment-large size-large wp-image-990038\" alt=\"\" srcset=\"https:\/\/cipresaia.cat\/wp-content\/uploads\/2026\/02\/menu-cipresaia-2-1024x683.webp 1024w, https:\/\/cipresaia.cat\/wp-content\/uploads\/2026\/02\/menu-cipresaia-2-300x200.webp 300w, https:\/\/cipresaia.cat\/wp-content\/uploads\/2026\/02\/menu-cipresaia-2-768x512.webp 768w, https:\/\/cipresaia.cat\/wp-content\/uploads\/2026\/02\/menu-cipresaia-2-1536x1024.webp 1536w, https:\/\/cipresaia.cat\/wp-content\/uploads\/2026\/02\/menu-cipresaia-2-2048x1365.webp 2048w\" sizes=\"(max-width: 1024px) 100vw, 1024px\" \/>\t\t\t\t\t\t\t\t\t\t\t\t\t\t\t<\/div>\n\t\t\t\t<\/div>\n\t\t\t\t\t<\/div>\n\t\t<\/div>\n\t\t\t\t<div class=\"elementor-column elementor-col-50 elementor-top-column elementor-element elementor-element-4fcdd9b\" data-id=\"4fcdd9b\" data-element_type=\"column\">\n\t\t\t<div class=\"elementor-widget-wrap elementor-element-populated\">\n\t\t\t\t\t\t<div class=\"elementor-element elementor-element-b2ef1ee elementor-widget elementor-widget-text-editor\" data-id=\"b2ef1ee\" data-element_type=\"widget\" data-widget_type=\"text-editor.default\">\n\t\t\t\t<div class=\"elementor-widget-container\">\n\t\t\t\t\t\t\t\t\t<p>CIPRESAIA es sin\u00f3nimo de hospitalidad. Un nombre con historia. Heredamos el nombre y el lugar donde en abril de 1978 Quico Viader inaugur\u00f3 uno de los restaurantes m\u00e1s emblem\u00e1ticos y reconocidos de la \u00e9poca en el casco antiguo de Girona.<\/p><p>Continuamos el legado con una nueva visi\u00f3n de la gastronom\u00eda y el espacio. Nuestra cocina parte de la tradici\u00f3n catalana, reinterpretada con una mirada actual, informal y al mismo tiempo refinada. Trabajamos con respeto por el producto y las recetas que nos han tra\u00eddo hasta aqu\u00ed, incorporando t\u00e9cnicas modernas e influencias de otras cocinas del mundo que aportan matices y riqueza a nuestra propuesta.<\/p><p>Creemos firmemente que una buena cocina s\u00f3lo puede existir a partir de una buena materia prima. Por eso, trabajamos con producto de temporada, seleccionado con criterio y sensibilidad. Cada ingrediente tiene un origen, una historia y unas manos detr\u00e1s, y queremos que esto se refleje en cada plato que llega a la mesa.<\/p><p>Nuestro objetivo es dar valor a las personas que est\u00e1n detr\u00e1s de cada producto, apoyando a los peque\u00f1os productores y haciendo visible su trabajo como parte esencial de nuestra cocina.<\/p><p>Bienvenidos al Cipresaia.<\/p><p><em>Chef: Maria Buades<\/em><\/p>\t\t\t\t\t\t\t\t<\/div>\n\t\t\t\t<\/div>\n\t\t\t\t\t<\/div>\n\t\t<\/div>\n\t\t\t\t\t<\/div>\n\t\t<\/section>\n\t\t\t\t<\/div>\n\t\t","protected":false},"excerpt":{"rendered":"<p>CIPRESAIA es sin\u00f3nimo de hospitalidad. Un nombre con historia. Heredamos el nombre y el lugar donde en abril de 1978 Quico Viader inaugur\u00f3 uno de los restaurantes m\u00e1s emblem\u00e1ticos y reconocidos de la \u00e9poca en el casco antiguo de Girona. Continuamos el legado con una nueva visi\u00f3n de la gastronom\u00eda y el espacio. Nuestra cocina&#8230;<\/p>\n","protected":false},"author":1,"featured_media":0,"parent":0,"menu_order":0,"comment_status":"closed","ping_status":"closed","template":"","meta":{"footnotes":""},"class_list":["post-990036","page","type-page","status-publish","hentry"],"yoast_head":"<!-- This site is optimized with the Yoast SEO plugin v26.9 - https:\/\/yoast.com\/product\/yoast-seo-wordpress\/ -->\n<title>Carta - Restaurant Cipresaia<\/title>\n<meta name=\"robots\" content=\"index, follow, max-snippet:-1, max-image-preview:large, max-video-preview:-1\" \/>\n<link rel=\"canonical\" href=\"https:\/\/cipresaia.cat\/es\/carta-primavera\/\" \/>\n<meta property=\"og:locale\" content=\"es_ES\" \/>\n<meta property=\"og:type\" content=\"article\" \/>\n<meta property=\"og:title\" content=\"Carta - Restaurant Cipresaia\" \/>\n<meta property=\"og:description\" content=\"CIPRESAIA es sin\u00f3nimo de hospitalidad. Un nombre con historia. Heredamos el nombre y el lugar donde en abril de 1978 Quico Viader inaugur\u00f3 uno de los restaurantes m\u00e1s emblem\u00e1ticos y reconocidos de la \u00e9poca en el casco antiguo de Girona. Continuamos el legado con una nueva visi\u00f3n de la gastronom\u00eda y el espacio. Nuestra cocina...\" \/>\n<meta property=\"og:url\" content=\"https:\/\/cipresaia.cat\/es\/carta-primavera\/\" \/>\n<meta property=\"og:site_name\" content=\"Restaurant Cipresaia\" \/>\n<meta property=\"article:modified_time\" content=\"2026-05-11T07:43:21+00:00\" \/>\n<meta property=\"og:image\" content=\"https:\/\/cipresaia.cat\/wp-content\/uploads\/2026\/02\/menu-cipresaia-2-scaled.webp\" \/>\n\t<meta property=\"og:image:width\" content=\"2560\" \/>\n\t<meta property=\"og:image:height\" content=\"1707\" \/>\n\t<meta property=\"og:image:type\" content=\"image\/webp\" \/>\n<meta name=\"twitter:card\" content=\"summary_large_image\" \/>\n<meta name=\"twitter:label1\" content=\"Tiempo de lectura\" \/>\n\t<meta name=\"twitter:data1\" content=\"2 minutos\" \/>\n<script type=\"application\/ld+json\" class=\"yoast-schema-graph\">{\"@context\":\"https:\/\/schema.org\",\"@graph\":[{\"@type\":\"WebPage\",\"@id\":\"https:\/\/cipresaia.cat\/es\/carta-primavera\/\",\"url\":\"https:\/\/cipresaia.cat\/es\/carta-primavera\/\",\"name\":\"Carta - Restaurant Cipresaia\",\"isPartOf\":{\"@id\":\"https:\/\/cipresaia.cat\/#website\"},\"primaryImageOfPage\":{\"@id\":\"https:\/\/cipresaia.cat\/es\/carta-primavera\/#primaryimage\"},\"image\":{\"@id\":\"https:\/\/cipresaia.cat\/es\/carta-primavera\/#primaryimage\"},\"thumbnailUrl\":\"https:\/\/cipresaia.cat\/wp-content\/uploads\/2026\/02\/menu-cipresaia-2-1024x683.webp\",\"datePublished\":\"2026-05-11T07:31:06+00:00\",\"dateModified\":\"2026-05-11T07:43:21+00:00\",\"breadcrumb\":{\"@id\":\"https:\/\/cipresaia.cat\/es\/carta-primavera\/#breadcrumb\"},\"inLanguage\":\"es\",\"potentialAction\":[{\"@type\":\"ReadAction\",\"target\":[\"https:\/\/cipresaia.cat\/es\/carta-primavera\/\"]}]},{\"@type\":\"ImageObject\",\"inLanguage\":\"es\",\"@id\":\"https:\/\/cipresaia.cat\/es\/carta-primavera\/#primaryimage\",\"url\":\"https:\/\/cipresaia.cat\/wp-content\/uploads\/2026\/02\/menu-cipresaia-2-1024x683.webp\",\"contentUrl\":\"https:\/\/cipresaia.cat\/wp-content\/uploads\/2026\/02\/menu-cipresaia-2-1024x683.webp\"},{\"@type\":\"BreadcrumbList\",\"@id\":\"https:\/\/cipresaia.cat\/es\/carta-primavera\/#breadcrumb\",\"itemListElement\":[{\"@type\":\"ListItem\",\"position\":1,\"name\":\"Portada\",\"item\":\"https:\/\/cipresaia.cat\/\"},{\"@type\":\"ListItem\",\"position\":2,\"name\":\"Carta\"}]},{\"@type\":\"WebSite\",\"@id\":\"https:\/\/cipresaia.cat\/#website\",\"url\":\"https:\/\/cipresaia.cat\/\",\"name\":\"Restaurant Cipresaia\",\"description\":\"\",\"publisher\":{\"@id\":\"https:\/\/cipresaia.cat\/#organization\"},\"potentialAction\":[{\"@type\":\"SearchAction\",\"target\":{\"@type\":\"EntryPoint\",\"urlTemplate\":\"https:\/\/cipresaia.cat\/?s={search_term_string}\"},\"query-input\":{\"@type\":\"PropertyValueSpecification\",\"valueRequired\":true,\"valueName\":\"search_term_string\"}}],\"inLanguage\":\"es\"},{\"@type\":\"Organization\",\"@id\":\"https:\/\/cipresaia.cat\/#organization\",\"name\":\"Restaurant Cipresaia\",\"url\":\"https:\/\/cipresaia.cat\/\",\"logo\":{\"@type\":\"ImageObject\",\"inLanguage\":\"es\",\"@id\":\"https:\/\/cipresaia.cat\/#\/schema\/logo\/image\/\",\"url\":\"https:\/\/cipresaia.cat\/wp-content\/uploads\/2026\/01\/Cipresaia_LogoCompost_vermell.png\",\"contentUrl\":\"https:\/\/cipresaia.cat\/wp-content\/uploads\/2026\/01\/Cipresaia_LogoCompost_vermell.png\",\"width\":1438,\"height\":830,\"caption\":\"Restaurant Cipresaia\"},\"image\":{\"@id\":\"https:\/\/cipresaia.cat\/#\/schema\/logo\/image\/\"},\"sameAs\":[\"https:\/\/www.instagram.com\/cipresaia\/\"]}]}<\/script>\n<!-- \/ Yoast SEO plugin. -->","yoast_head_json":{"title":"Carta - Restaurant Cipresaia","robots":{"index":"index","follow":"follow","max-snippet":"max-snippet:-1","max-image-preview":"max-image-preview:large","max-video-preview":"max-video-preview:-1"},"canonical":"https:\/\/cipresaia.cat\/es\/carta-primavera\/","og_locale":"es_ES","og_type":"article","og_title":"Carta - Restaurant Cipresaia","og_description":"CIPRESAIA es sin\u00f3nimo de hospitalidad. Un nombre con historia. Heredamos el nombre y el lugar donde en abril de 1978 Quico Viader inaugur\u00f3 uno de los restaurantes m\u00e1s emblem\u00e1ticos y reconocidos de la \u00e9poca en el casco antiguo de Girona. Continuamos el legado con una nueva visi\u00f3n de la gastronom\u00eda y el espacio. Nuestra cocina...","og_url":"https:\/\/cipresaia.cat\/es\/carta-primavera\/","og_site_name":"Restaurant Cipresaia","article_modified_time":"2026-05-11T07:43:21+00:00","og_image":[{"width":2560,"height":1707,"url":"https:\/\/cipresaia.cat\/wp-content\/uploads\/2026\/02\/menu-cipresaia-2-scaled.webp","type":"image\/webp"}],"twitter_card":"summary_large_image","twitter_misc":{"Tiempo de lectura":"2 minutos"},"schema":{"@context":"https:\/\/schema.org","@graph":[{"@type":"WebPage","@id":"https:\/\/cipresaia.cat\/es\/carta-primavera\/","url":"https:\/\/cipresaia.cat\/es\/carta-primavera\/","name":"Carta - Restaurant Cipresaia","isPartOf":{"@id":"https:\/\/cipresaia.cat\/#website"},"primaryImageOfPage":{"@id":"https:\/\/cipresaia.cat\/es\/carta-primavera\/#primaryimage"},"image":{"@id":"https:\/\/cipresaia.cat\/es\/carta-primavera\/#primaryimage"},"thumbnailUrl":"https:\/\/cipresaia.cat\/wp-content\/uploads\/2026\/02\/menu-cipresaia-2-1024x683.webp","datePublished":"2026-05-11T07:31:06+00:00","dateModified":"2026-05-11T07:43:21+00:00","breadcrumb":{"@id":"https:\/\/cipresaia.cat\/es\/carta-primavera\/#breadcrumb"},"inLanguage":"es","potentialAction":[{"@type":"ReadAction","target":["https:\/\/cipresaia.cat\/es\/carta-primavera\/"]}]},{"@type":"ImageObject","inLanguage":"es","@id":"https:\/\/cipresaia.cat\/es\/carta-primavera\/#primaryimage","url":"https:\/\/cipresaia.cat\/wp-content\/uploads\/2026\/02\/menu-cipresaia-2-1024x683.webp","contentUrl":"https:\/\/cipresaia.cat\/wp-content\/uploads\/2026\/02\/menu-cipresaia-2-1024x683.webp"},{"@type":"BreadcrumbList","@id":"https:\/\/cipresaia.cat\/es\/carta-primavera\/#breadcrumb","itemListElement":[{"@type":"ListItem","position":1,"name":"Portada","item":"https:\/\/cipresaia.cat\/"},{"@type":"ListItem","position":2,"name":"Carta"}]},{"@type":"WebSite","@id":"https:\/\/cipresaia.cat\/#website","url":"https:\/\/cipresaia.cat\/","name":"Restaurant Cipresaia","description":"","publisher":{"@id":"https:\/\/cipresaia.cat\/#organization"},"potentialAction":[{"@type":"SearchAction","target":{"@type":"EntryPoint","urlTemplate":"https:\/\/cipresaia.cat\/?s={search_term_string}"},"query-input":{"@type":"PropertyValueSpecification","valueRequired":true,"valueName":"search_term_string"}}],"inLanguage":"es"},{"@type":"Organization","@id":"https:\/\/cipresaia.cat\/#organization","name":"Restaurant Cipresaia","url":"https:\/\/cipresaia.cat\/","logo":{"@type":"ImageObject","inLanguage":"es","@id":"https:\/\/cipresaia.cat\/#\/schema\/logo\/image\/","url":"https:\/\/cipresaia.cat\/wp-content\/uploads\/2026\/01\/Cipresaia_LogoCompost_vermell.png","contentUrl":"https:\/\/cipresaia.cat\/wp-content\/uploads\/2026\/01\/Cipresaia_LogoCompost_vermell.png","width":1438,"height":830,"caption":"Restaurant Cipresaia"},"image":{"@id":"https:\/\/cipresaia.cat\/#\/schema\/logo\/image\/"},"sameAs":["https:\/\/www.instagram.com\/cipresaia\/"]}]}},"_links":{"self":[{"href":"https:\/\/cipresaia.cat\/es\/wp-json\/wp\/v2\/pages\/990036","targetHints":{"allow":["GET"]}}],"collection":[{"href":"https:\/\/cipresaia.cat\/es\/wp-json\/wp\/v2\/pages"}],"about":[{"href":"https:\/\/cipresaia.cat\/es\/wp-json\/wp\/v2\/types\/page"}],"author":[{"embeddable":true,"href":"https:\/\/cipresaia.cat\/es\/wp-json\/wp\/v2\/users\/1"}],"replies":[{"embeddable":true,"href":"https:\/\/cipresaia.cat\/es\/wp-json\/wp\/v2\/comments?post=990036"}],"version-history":[{"count":2,"href":"https:\/\/cipresaia.cat\/es\/wp-json\/wp\/v2\/pages\/990036\/revisions"}],"predecessor-version":[{"id":990040,"href":"https:\/\/cipresaia.cat\/es\/wp-json\/wp\/v2\/pages\/990036\/revisions\/990040"}],"wp:attachment":[{"href":"https:\/\/cipresaia.cat\/es\/wp-json\/wp\/v2\/media?parent=990036"}],"curies":[{"name":"wp","href":"https:\/\/api.w.org\/{rel}","templated":true}]}}