{"id":989431,"date":"2026-01-16T12:00:01","date_gmt":"2026-01-16T11:00:01","guid":{"rendered":"https:\/\/cipresaia.cat\/reveler\/"},"modified":"2026-02-24T10:51:35","modified_gmt":"2026-02-24T09:51:35","slug":"cadeau","status":"publish","type":"page","link":"https:\/\/cipresaia.cat\/fr\/cadeau\/","title":{"rendered":"Cadeau"},"content":{"rendered":"\t\t<div data-elementor-type=\"wp-page\" data-elementor-id=\"989431\" class=\"elementor elementor-989431 elementor-987982\" data-elementor-post-type=\"page\">\n\t\t\t\t\t\t<section class=\"elementor-section elementor-top-section elementor-element elementor-element-b9e506e elementor-reverse-mobile elementor-section-boxed elementor-section-height-default elementor-section-height-default\" data-id=\"b9e506e\" data-element_type=\"section\">\n\t\t\t\t\t\t<div class=\"elementor-container elementor-column-gap-default\">\n\t\t\t\t\t<div class=\"elementor-column elementor-col-50 elementor-top-column elementor-element elementor-element-d2329b8 elementor-invisible\" data-id=\"d2329b8\" data-element_type=\"column\" data-settings=\"{&quot;animation&quot;:&quot;fadeInUp&quot;,&quot;animation_mobile&quot;:&quot;none&quot;}\">\n\t\t\t<div class=\"elementor-widget-wrap elementor-element-populated\">\n\t\t\t\t\t\t<div class=\"elementor-element elementor-element-fca9e34 elementor-widget elementor-widget-html\" data-id=\"fca9e34\" data-element_type=\"widget\" data-widget_type=\"html.default\">\n\t\t\t\t<div class=\"elementor-widget-container\">\n\t\t\t\t\t<script type=\"text\/javascript\" src=\"https:\/\/www.covermanager.com\/js\/iframeResizer\/iframeResizer.min.js\"><\/script><iframe\r\n                                                            title=\"Reservas\" src=\"https:\/\/www.covermanager.com\/eco\/buy_products\/restaurante-cipresaia\/french\"\r\n                                                            allow=\"payment\" frameborder=\"0\" height=\"550\" width=\"100%\" onload=\"iFrameResize();\"><\/iframe>\t\t\t\t<\/div>\n\t\t\t\t<\/div>\n\t\t\t\t\t<\/div>\n\t\t<\/div>\n\t\t\t\t<div class=\"elementor-column elementor-col-50 elementor-top-column elementor-element elementor-element-d7581bb\" data-id=\"d7581bb\" data-element_type=\"column\">\n\t\t\t<div class=\"elementor-widget-wrap elementor-element-populated\">\n\t\t\t\t\t\t<div class=\"elementor-element elementor-element-1298100 elementor-hidden-desktop elementor-widget elementor-widget-spacer\" data-id=\"1298100\" data-element_type=\"widget\" data-widget_type=\"spacer.default\">\n\t\t\t\t<div class=\"elementor-widget-container\">\n\t\t\t\t\t\t\t<div class=\"elementor-spacer\">\n\t\t\t<div class=\"elementor-spacer-inner\"><\/div>\n\t\t<\/div>\n\t\t\t\t\t\t<\/div>\n\t\t\t\t<\/div>\n\t\t\t\t<div class=\"elementor-element elementor-element-c61c07c elementor-widget__width-initial elementor-widget elementor-widget-html\" data-id=\"c61c07c\" data-element_type=\"widget\" data-widget_type=\"html.default\">\n\t\t\t\t<div class=\"elementor-widget-container\">\n\t\t\t\t\t<style>\r\n@import url('https:\/\/fonts.googleapis.com\/css2?family=Space+Mono:wght@400;700&display=swap');\r\n\r\n#escritura-regalo-2 {\r\n  text-align: left;\r\n}\r\n\r\n#escritura-regalo-2 h1 {\r\n  font-family: 'Space Mono', monospace;\r\n  font-size: 55px;\r\n  color: #772330;\r\n  line-height: 1.05;\r\n}\r\n\r\n\/* Reservamos espacio desde el inicio *\/\r\n#escritura-regalo-2 .linea {\r\n  display: block;\r\n  overflow: hidden;\r\n\r\n  \/* ESPACIO FIJO *\/\r\n  width: fit-content;\r\n  max-width: 100%;\r\n\r\n  clip-path: inset(0 100% 0 0);\r\n}\r\n\r\n\/* PRIMERA L\u00cdNEA *\/\r\n#escritura-regalo-2 .l1 {\r\n  width: 7ch; \/* REGALA = 7 caracteres *\/\r\n  animation:\r\n    reveal-l1 0.6s steps(7, end) forwards;\r\n}\r\n\r\n\/* SEGUNDA L\u00cdNEA *\/\r\n#escritura-regalo-2 .l2 {\r\n  width: 9ch; \/* CIPRESAIA = 9 caracteres *\/\r\n\r\n  animation:\r\n    reveal-l2 0.7s steps(9, end) 0.51s forwards,\r\n    blink-caret 0.75s step-end 2.6s infinite;\r\n\r\n  border-right: 0px solid transparent;\r\n  padding-right: 6px;\r\n}\r\n\r\n@keyframes reveal-l1 {\r\n  from { clip-path: inset(0 100% 0 0); }\r\n  to   { clip-path: inset(0 0 0 0); }\r\n}\r\n\r\n@keyframes reveal-l2 {\r\n  from { clip-path: inset(0 100% 0 0); }\r\n  to   { clip-path: inset(0 0 0 0); }\r\n}\r\n\r\n@keyframes blink-caret {\r\n  from, to { border-color: transparent }\r\n  50% { border-color: red; }\r\n}\r\n<\/style>\r\n\r\n<div id=\"escritura-regalo-2\">\r\n  <h1>\r\n    <span class=\"linea l1\">OFFRIR<\/span>\r\n<span class=\"linea l2\">CIPRESAIA<\/span>\r\n  <\/h1>\r\n<\/div>\r\n\t\t\t\t<\/div>\n\t\t\t\t<\/div>\n\t\t\t\t<div class=\"elementor-element elementor-element-96b8a8c elementor-widget elementor-widget-text-editor\" data-id=\"96b8a8c\" data-element_type=\"widget\" data-widget_type=\"text-editor.default\">\n\t\t\t\t<div class=\"elementor-widget-container\">\n\t\t\t\t\t\t\t\t\t<p>Offrez une exp\u00e9rience culinaire inoubliable avec notre bon cadeau.<\/p><p>Il comprend un menu d\u00e9gustation con\u00e7u et s\u00e9lectionn\u00e9 personnellement par notre Chef.<\/p>\t\t\t\t\t\t\t\t<\/div>\n\t\t\t\t<\/div>\n\t\t\t\t<div class=\"elementor-element elementor-element-e37928e elementor-widget elementor-widget-heading\" data-id=\"e37928e\" data-element_type=\"widget\" data-widget_type=\"heading.default\">\n\t\t\t\t<div class=\"elementor-widget-container\">\n\t\t\t\t\t<h2 class=\"elementor-heading-title elementor-size-default\">Comment cela fonctionne<\/h2>\t\t\t\t<\/div>\n\t\t\t\t<\/div>\n\t\t\t\t<div class=\"elementor-element elementor-element-1e09d3c elementor-icon-list--layout-traditional elementor-list-item-link-full_width elementor-widget elementor-widget-icon-list\" data-id=\"1e09d3c\" data-element_type=\"widget\" data-widget_type=\"icon-list.default\">\n\t\t\t\t<div class=\"elementor-widget-container\">\n\t\t\t\t\t\t\t<ul class=\"elementor-icon-list-items\">\n\t\t\t\t\t\t\t<li class=\"elementor-icon-list-item\">\n\t\t\t\t\t\t\t\t\t\t\t<span class=\"elementor-icon-list-icon\">\n\t\t\t\t\t\t\t<svg xmlns=\"http:\/\/www.w3.org\/2000\/svg\" viewBox=\"0 0 17 17\"><title>ClubCreatiu_DissenyCarta_2026<\/title><path d=\"M7,16.39V13l.89-2.33-.5-.22L6.31,12.83,4,15.15,1.85,13l2.32-2.33,2.36-1-.22-.5L4,10H.61V7H4l2.33.89.22-.5L4.17,6.31,1.85,4,4,1.85,6.31,4.17,7.36,6.53l.5-.22L7,4V.61H10V4L9.14,6.31l.5.22,1-2.36L13,1.85,15.15,4,12.83,6.31,10.47,7.36l.22.5L13,7h3.37V10H13l-2.33-.89-.22.5,2.36,1L15.15,13,13,15.15l-2.33-2.32-1-2.36-.5.22L10,13v3.37Z\" fill=\"#79232e\"><\/path><\/svg>\t\t\t\t\t\t<\/span>\n\t\t\t\t\t\t\t\t\t\t<span class=\"elementor-icon-list-text\">Le bon cadeau est valable 6 mois \u00e0 compter de sa date d\u2019\u00e9mission. Cette validit\u00e9 ne peut \u00eatre prolong\u00e9e.<\/span>\n\t\t\t\t\t\t\t\t\t<\/li>\n\t\t\t\t\t\t\t\t<li class=\"elementor-icon-list-item\">\n\t\t\t\t\t\t\t\t\t\t\t<span class=\"elementor-icon-list-icon\">\n\t\t\t\t\t\t\t<svg xmlns=\"http:\/\/www.w3.org\/2000\/svg\" viewBox=\"0 0 17 17\"><title>ClubCreatiu_DissenyCarta_2026<\/title><path d=\"M7,16.39V13l.89-2.33-.5-.22L6.31,12.83,4,15.15,1.85,13l2.32-2.33,2.36-1-.22-.5L4,10H.61V7H4l2.33.89.22-.5L4.17,6.31,1.85,4,4,1.85,6.31,4.17,7.36,6.53l.5-.22L7,4V.61H10V4L9.14,6.31l.5.22,1-2.36L13,1.85,15.15,4,12.83,6.31,10.47,7.36l.22.5L13,7h3.37V10H13l-2.33-.89-.22.5,2.36,1L15.15,13,13,15.15l-2.33-2.32-1-2.36-.5.22L10,13v3.37Z\" fill=\"#79232e\"><\/path><\/svg>\t\t\t\t\t\t<\/span>\n\t\t\t\t\t\t\t\t\t\t<span class=\"elementor-icon-list-text\">La r\u00e9servation s\u2019effectue via notre site internet, en indiquant le code du bon au moment de la confirmation.<\/span>\n\t\t\t\t\t\t\t\t\t<\/li>\n\t\t\t\t\t\t\t\t<li class=\"elementor-icon-list-item\">\n\t\t\t\t\t\t\t\t\t\t\t<span class=\"elementor-icon-list-icon\">\n\t\t\t\t\t\t\t<svg xmlns=\"http:\/\/www.w3.org\/2000\/svg\" viewBox=\"0 0 17 17\"><title>ClubCreatiu_DissenyCarta_2026<\/title><path d=\"M7,16.39V13l.89-2.33-.5-.22L6.31,12.83,4,15.15,1.85,13l2.32-2.33,2.36-1-.22-.5L4,10H.61V7H4l2.33.89.22-.5L4.17,6.31,1.85,4,4,1.85,6.31,4.17,7.36,6.53l.5-.22L7,4V.61H10V4L9.14,6.31l.5.22,1-2.36L13,1.85,15.15,4,12.83,6.31,10.47,7.36l.22.5L13,7h3.37V10H13l-2.33-.89-.22.5,2.36,1L15.15,13,13,15.15l-2.33-2.32-1-2.36-.5.22L10,13v3.37Z\" fill=\"#79232e\"><\/path><\/svg>\t\t\t\t\t\t<\/span>\n\t\t\t\t\t\t\t\t\t\t<span class=\"elementor-icon-list-text\">Le bon cadeau est non remboursable.<\/span>\n\t\t\t\t\t\t\t\t\t<\/li>\n\t\t\t\t\t\t\t\t<li class=\"elementor-icon-list-item\">\n\t\t\t\t\t\t\t\t\t\t\t<span class=\"elementor-icon-list-icon\">\n\t\t\t\t\t\t\t<svg xmlns=\"http:\/\/www.w3.org\/2000\/svg\" viewBox=\"0 0 17 17\"><title>ClubCreatiu_DissenyCarta_2026<\/title><path d=\"M7,16.39V13l.89-2.33-.5-.22L6.31,12.83,4,15.15,1.85,13l2.32-2.33,2.36-1-.22-.5L4,10H.61V7H4l2.33.89.22-.5L4.17,6.31,1.85,4,4,1.85,6.31,4.17,7.36,6.53l.5-.22L7,4V.61H10V4L9.14,6.31l.5.22,1-2.36L13,1.85,15.15,4,12.83,6.31,10.47,7.36l.22.5L13,7h3.37V10H13l-2.33-.89-.22.5,2.36,1L15.15,13,13,15.15l-2.33-2.32-1-2.36-.5.22L10,13v3.37Z\" fill=\"#79232e\"><\/path><\/svg>\t\t\t\t\t\t<\/span>\n\t\t\t\t\t\t\t\t\t\t<span class=\"elementor-icon-list-text\">Le b\u00e9n\u00e9ficiaire ne recevra aucun e-mail relatif \u00e0 la r\u00e9servation.<\/span>\n\t\t\t\t\t\t\t\t\t<\/li>\n\t\t\t\t\t\t<\/ul>\n\t\t\t\t\t\t<\/div>\n\t\t\t\t<\/div>\n\t\t\t\t<div class=\"elementor-element elementor-element-f944410 elementor-widget elementor-widget-text-editor\" data-id=\"f944410\" data-element_type=\"widget\" data-widget_type=\"text-editor.default\">\n\t\t\t\t<div class=\"elementor-widget-container\">\n\t\t\t\t\t\t\t\t\t<p>Pour toute information compl\u00e9mentaire, veuillez nous contacter au +34 872 208 222.<\/p>\t\t\t\t\t\t\t\t<\/div>\n\t\t\t\t<\/div>\n\t\t\t\t<div class=\"elementor-element elementor-element-ffded06 elementor-hidden-mobile elementor-widget elementor-widget-spacer\" data-id=\"ffded06\" data-element_type=\"widget\" data-widget_type=\"spacer.default\">\n\t\t\t\t<div class=\"elementor-widget-container\">\n\t\t\t\t\t\t\t<div class=\"elementor-spacer\">\n\t\t\t<div class=\"elementor-spacer-inner\"><\/div>\n\t\t<\/div>\n\t\t\t\t\t\t<\/div>\n\t\t\t\t<\/div>\n\t\t\t\t\t<\/div>\n\t\t<\/div>\n\t\t\t\t\t<\/div>\n\t\t<\/section>\n\t\t\t\t<\/div>\n\t\t","protected":false},"excerpt":{"rendered":"<p>OFFRIR CIPRESAIA Offrez une exp\u00e9rience culinaire inoubliable avec notre bon cadeau. Il comprend un menu d\u00e9gustation con\u00e7u et s\u00e9lectionn\u00e9 personnellement par notre Chef. Comment cela fonctionne ClubCreatiu_DissenyCarta_2026 Le bon cadeau est valable 6 mois \u00e0 compter de sa date d\u2019\u00e9mission. Cette validit\u00e9 ne peut \u00eatre prolong\u00e9e. ClubCreatiu_DissenyCarta_2026 La r\u00e9servation s\u2019effectue via notre site internet, en&#8230;<\/p>\n","protected":false},"author":1,"featured_media":0,"parent":0,"menu_order":0,"comment_status":"closed","ping_status":"closed","template":"","meta":{"footnotes":""},"class_list":["post-989431","page","type-page","status-publish","hentry"],"yoast_head":"<!-- This site is optimized with the Yoast SEO plugin v26.9 - https:\/\/yoast.com\/product\/yoast-seo-wordpress\/ -->\n<title>Cadeau - Restaurant Cipresaia<\/title>\n<meta name=\"robots\" content=\"index, follow, max-snippet:-1, max-image-preview:large, max-video-preview:-1\" \/>\n<link rel=\"canonical\" href=\"https:\/\/cipresaia.cat\/regala\/\" \/>\n<meta property=\"og:locale\" content=\"fr_FR\" \/>\n<meta property=\"og:type\" content=\"article\" \/>\n<meta property=\"og:title\" content=\"Cadeau - Restaurant Cipresaia\" \/>\n<meta property=\"og:description\" content=\"OFFRIR CIPRESAIA Offrez une exp\u00e9rience culinaire inoubliable avec notre bon cadeau. Il comprend un menu d\u00e9gustation con\u00e7u et s\u00e9lectionn\u00e9 personnellement par notre Chef. Comment cela fonctionne ClubCreatiu_DissenyCarta_2026 Le bon cadeau est valable 6 mois \u00e0 compter de sa date d\u2019\u00e9mission. Cette validit\u00e9 ne peut \u00eatre prolong\u00e9e. ClubCreatiu_DissenyCarta_2026 La r\u00e9servation s\u2019effectue via notre site internet, en...\" \/>\n<meta property=\"og:url\" content=\"https:\/\/cipresaia.cat\/regala\/\" \/>\n<meta property=\"og:site_name\" content=\"Restaurant Cipresaia\" \/>\n<meta property=\"article:modified_time\" content=\"2026-02-24T09:51:35+00:00\" \/>\n<meta name=\"twitter:card\" content=\"summary_large_image\" \/>\n<meta name=\"twitter:label1\" content=\"Dur\u00e9e de lecture estim\u00e9e\" \/>\n\t<meta name=\"twitter:data1\" content=\"1 minute\" \/>\n<script type=\"application\/ld+json\" class=\"yoast-schema-graph\">{\"@context\":\"https:\/\/schema.org\",\"@graph\":[{\"@type\":\"WebPage\",\"@id\":\"https:\/\/cipresaia.cat\/regala\/\",\"url\":\"https:\/\/cipresaia.cat\/regala\/\",\"name\":\"Cadeau - Restaurant Cipresaia\",\"isPartOf\":{\"@id\":\"https:\/\/cipresaia.cat\/#website\"},\"datePublished\":\"2026-01-16T11:00:01+00:00\",\"dateModified\":\"2026-02-24T09:51:35+00:00\",\"breadcrumb\":{\"@id\":\"https:\/\/cipresaia.cat\/regala\/#breadcrumb\"},\"inLanguage\":\"fr-FR\",\"potentialAction\":[{\"@type\":\"ReadAction\",\"target\":[\"https:\/\/cipresaia.cat\/regala\/\"]}]},{\"@type\":\"BreadcrumbList\",\"@id\":\"https:\/\/cipresaia.cat\/regala\/#breadcrumb\",\"itemListElement\":[{\"@type\":\"ListItem\",\"position\":1,\"name\":\"Portada\",\"item\":\"https:\/\/cipresaia.cat\/fr\/\"},{\"@type\":\"ListItem\",\"position\":2,\"name\":\"Cadeau\"}]},{\"@type\":\"WebSite\",\"@id\":\"https:\/\/cipresaia.cat\/#website\",\"url\":\"https:\/\/cipresaia.cat\/\",\"name\":\"Restaurant Cipresaia\",\"description\":\"\",\"publisher\":{\"@id\":\"https:\/\/cipresaia.cat\/#organization\"},\"potentialAction\":[{\"@type\":\"SearchAction\",\"target\":{\"@type\":\"EntryPoint\",\"urlTemplate\":\"https:\/\/cipresaia.cat\/?s={search_term_string}\"},\"query-input\":{\"@type\":\"PropertyValueSpecification\",\"valueRequired\":true,\"valueName\":\"search_term_string\"}}],\"inLanguage\":\"fr-FR\"},{\"@type\":\"Organization\",\"@id\":\"https:\/\/cipresaia.cat\/#organization\",\"name\":\"Restaurant Cipresaia\",\"url\":\"https:\/\/cipresaia.cat\/\",\"logo\":{\"@type\":\"ImageObject\",\"inLanguage\":\"fr-FR\",\"@id\":\"https:\/\/cipresaia.cat\/#\/schema\/logo\/image\/\",\"url\":\"https:\/\/cipresaia.cat\/wp-content\/uploads\/2026\/01\/Cipresaia_LogoCompost_vermell.png\",\"contentUrl\":\"https:\/\/cipresaia.cat\/wp-content\/uploads\/2026\/01\/Cipresaia_LogoCompost_vermell.png\",\"width\":1438,\"height\":830,\"caption\":\"Restaurant Cipresaia\"},\"image\":{\"@id\":\"https:\/\/cipresaia.cat\/#\/schema\/logo\/image\/\"},\"sameAs\":[\"https:\/\/www.instagram.com\/cipresaia\/\"]}]}<\/script>\n<!-- \/ Yoast SEO plugin. -->","yoast_head_json":{"title":"Cadeau - Restaurant Cipresaia","robots":{"index":"index","follow":"follow","max-snippet":"max-snippet:-1","max-image-preview":"max-image-preview:large","max-video-preview":"max-video-preview:-1"},"canonical":"https:\/\/cipresaia.cat\/regala\/","og_locale":"fr_FR","og_type":"article","og_title":"Cadeau - Restaurant Cipresaia","og_description":"OFFRIR CIPRESAIA Offrez une exp\u00e9rience culinaire inoubliable avec notre bon cadeau. Il comprend un menu d\u00e9gustation con\u00e7u et s\u00e9lectionn\u00e9 personnellement par notre Chef. Comment cela fonctionne ClubCreatiu_DissenyCarta_2026 Le bon cadeau est valable 6 mois \u00e0 compter de sa date d\u2019\u00e9mission. Cette validit\u00e9 ne peut \u00eatre prolong\u00e9e. ClubCreatiu_DissenyCarta_2026 La r\u00e9servation s\u2019effectue via notre site internet, en...","og_url":"https:\/\/cipresaia.cat\/regala\/","og_site_name":"Restaurant Cipresaia","article_modified_time":"2026-02-24T09:51:35+00:00","twitter_card":"summary_large_image","twitter_misc":{"Dur\u00e9e de lecture estim\u00e9e":"1 minute"},"schema":{"@context":"https:\/\/schema.org","@graph":[{"@type":"WebPage","@id":"https:\/\/cipresaia.cat\/regala\/","url":"https:\/\/cipresaia.cat\/regala\/","name":"Cadeau - Restaurant Cipresaia","isPartOf":{"@id":"https:\/\/cipresaia.cat\/#website"},"datePublished":"2026-01-16T11:00:01+00:00","dateModified":"2026-02-24T09:51:35+00:00","breadcrumb":{"@id":"https:\/\/cipresaia.cat\/regala\/#breadcrumb"},"inLanguage":"fr-FR","potentialAction":[{"@type":"ReadAction","target":["https:\/\/cipresaia.cat\/regala\/"]}]},{"@type":"BreadcrumbList","@id":"https:\/\/cipresaia.cat\/regala\/#breadcrumb","itemListElement":[{"@type":"ListItem","position":1,"name":"Portada","item":"https:\/\/cipresaia.cat\/fr\/"},{"@type":"ListItem","position":2,"name":"Cadeau"}]},{"@type":"WebSite","@id":"https:\/\/cipresaia.cat\/#website","url":"https:\/\/cipresaia.cat\/","name":"Restaurant Cipresaia","description":"","publisher":{"@id":"https:\/\/cipresaia.cat\/#organization"},"potentialAction":[{"@type":"SearchAction","target":{"@type":"EntryPoint","urlTemplate":"https:\/\/cipresaia.cat\/?s={search_term_string}"},"query-input":{"@type":"PropertyValueSpecification","valueRequired":true,"valueName":"search_term_string"}}],"inLanguage":"fr-FR"},{"@type":"Organization","@id":"https:\/\/cipresaia.cat\/#organization","name":"Restaurant Cipresaia","url":"https:\/\/cipresaia.cat\/","logo":{"@type":"ImageObject","inLanguage":"fr-FR","@id":"https:\/\/cipresaia.cat\/#\/schema\/logo\/image\/","url":"https:\/\/cipresaia.cat\/wp-content\/uploads\/2026\/01\/Cipresaia_LogoCompost_vermell.png","contentUrl":"https:\/\/cipresaia.cat\/wp-content\/uploads\/2026\/01\/Cipresaia_LogoCompost_vermell.png","width":1438,"height":830,"caption":"Restaurant Cipresaia"},"image":{"@id":"https:\/\/cipresaia.cat\/#\/schema\/logo\/image\/"},"sameAs":["https:\/\/www.instagram.com\/cipresaia\/"]}]}},"_links":{"self":[{"href":"https:\/\/cipresaia.cat\/fr\/wp-json\/wp\/v2\/pages\/989431","targetHints":{"allow":["GET"]}}],"collection":[{"href":"https:\/\/cipresaia.cat\/fr\/wp-json\/wp\/v2\/pages"}],"about":[{"href":"https:\/\/cipresaia.cat\/fr\/wp-json\/wp\/v2\/types\/page"}],"author":[{"embeddable":true,"href":"https:\/\/cipresaia.cat\/fr\/wp-json\/wp\/v2\/users\/1"}],"replies":[{"embeddable":true,"href":"https:\/\/cipresaia.cat\/fr\/wp-json\/wp\/v2\/comments?post=989431"}],"version-history":[{"count":6,"href":"https:\/\/cipresaia.cat\/fr\/wp-json\/wp\/v2\/pages\/989431\/revisions"}],"predecessor-version":[{"id":989892,"href":"https:\/\/cipresaia.cat\/fr\/wp-json\/wp\/v2\/pages\/989431\/revisions\/989892"}],"wp:attachment":[{"href":"https:\/\/cipresaia.cat\/fr\/wp-json\/wp\/v2\/media?parent=989431"}],"curies":[{"name":"wp","href":"https:\/\/api.w.org\/{rel}","templated":true}]}}