{"id":989521,"date":"2023-02-06T15:48:07","date_gmt":"2023-02-06T14:48:07","guid":{"rendered":"https:\/\/cipresaia.cat\/charbon-de-bois\/"},"modified":"2026-02-23T11:25:59","modified_gmt":"2026-02-23T10:25:59","slug":"a-la-braise","status":"publish","type":"page","link":"https:\/\/cipresaia.cat\/fr\/carte\/a-la-braise\/","title":{"rendered":"\u00c0 la braise"},"content":{"rendered":"\t\t<div data-elementor-type=\"wp-page\" data-elementor-id=\"989521\" class=\"elementor elementor-989521 elementor-5035\" data-elementor-post-type=\"page\">\n\t\t\t\t\t\t<section class=\"elementor-section elementor-top-section elementor-element elementor-element-f970911 elementor-section-boxed elementor-section-height-default elementor-section-height-default\" data-id=\"f970911\" data-element_type=\"section\" data-settings=\"{&quot;background_background&quot;:&quot;classic&quot;}\">\n\t\t\t\t\t\t<div class=\"elementor-container elementor-column-gap-no\">\n\t\t\t\t\t<div class=\"elementor-column elementor-col-100 elementor-top-column elementor-element elementor-element-7a40757\" data-id=\"7a40757\" data-element_type=\"column\">\n\t\t\t<div class=\"elementor-widget-wrap elementor-element-populated\">\n\t\t\t\t\t\t<div class=\"elementor-element elementor-element-8d1a4b8 elementor-widget elementor-widget-text-editor\" data-id=\"8d1a4b8\" data-element_type=\"widget\" data-widget_type=\"text-editor.default\">\n\t\t\t\t<div class=\"elementor-widget-container\">\n\t\t\t\t\t\t\t\t\t<p>Au restaurant Cipresaia, nous mettons \u00e0 l\u2019honneur les produits de saison et de proximit\u00e9. Les plats \u00e0 la braise ainsi que nos suggestions peuvent \u00e9voluer au gr\u00e9 du march\u00e9.<\/p><p><em><strong>Notre \u00e9quipe se fera un plaisir de vous les pr\u00e9senter.<\/strong><\/em><\/p>\t\t\t\t\t\t\t\t<\/div>\n\t\t\t\t<\/div>\n\t\t\t\t<div class=\"elementor-element elementor-element-8c41162 elementor-widget elementor-widget-spacer\" data-id=\"8c41162\" data-element_type=\"widget\" data-widget_type=\"spacer.default\">\n\t\t\t\t<div class=\"elementor-widget-container\">\n\t\t\t\t\t\t\t<div class=\"elementor-spacer\">\n\t\t\t<div class=\"elementor-spacer-inner\"><\/div>\n\t\t<\/div>\n\t\t\t\t\t\t<\/div>\n\t\t\t\t<\/div>\n\t\t\t\t\t<\/div>\n\t\t<\/div>\n\t\t\t\t\t<\/div>\n\t\t<\/section>\n\t\t\t\t<\/div>\n\t\t","protected":false},"excerpt":{"rendered":"<p>Au restaurant Cipresaia, nous mettons \u00e0 l\u2019honneur les produits de saison et de proximit\u00e9. Les plats \u00e0 la braise ainsi que nos suggestions peuvent \u00e9voluer au gr\u00e9 du march\u00e9. Notre \u00e9quipe se fera un plaisir de vous les pr\u00e9senter.<\/p>\n","protected":false},"author":1,"featured_media":0,"parent":989527,"menu_order":0,"comment_status":"closed","ping_status":"closed","template":"","meta":{"footnotes":""},"class_list":["post-989521","page","type-page","status-publish","hentry"],"yoast_head":"<!-- This site is optimized with the Yoast SEO plugin v26.9 - https:\/\/yoast.com\/product\/yoast-seo-wordpress\/ -->\n<title>\u00c0 la braise - Restaurant Cipresaia<\/title>\n<meta name=\"robots\" content=\"index, follow, max-snippet:-1, max-image-preview:large, max-video-preview:-1\" \/>\n<link rel=\"canonical\" href=\"https:\/\/cipresaia.cat\/fr\/carte\/a-la-braise\/\" \/>\n<meta property=\"og:locale\" content=\"fr_FR\" \/>\n<meta property=\"og:type\" content=\"article\" \/>\n<meta property=\"og:title\" content=\"\u00c0 la braise - Restaurant Cipresaia\" \/>\n<meta property=\"og:description\" content=\"Au restaurant Cipresaia, nous mettons \u00e0 l\u2019honneur les produits de saison et de proximit\u00e9. Les plats \u00e0 la braise ainsi que nos suggestions peuvent \u00e9voluer au gr\u00e9 du march\u00e9. Notre \u00e9quipe se fera un plaisir de vous les pr\u00e9senter.\" \/>\n<meta property=\"og:url\" content=\"https:\/\/cipresaia.cat\/fr\/carte\/a-la-braise\/\" \/>\n<meta property=\"og:site_name\" content=\"Restaurant Cipresaia\" \/>\n<meta property=\"article:modified_time\" content=\"2026-02-23T10:25:59+00:00\" \/>\n<meta name=\"twitter:card\" content=\"summary_large_image\" \/>\n<script type=\"application\/ld+json\" class=\"yoast-schema-graph\">{\"@context\":\"https:\/\/schema.org\",\"@graph\":[{\"@type\":\"WebPage\",\"@id\":\"https:\/\/cipresaia.cat\/fr\/carte\/a-la-braise\/\",\"url\":\"https:\/\/cipresaia.cat\/fr\/carte\/a-la-braise\/\",\"name\":\"\u00c0 la braise - Restaurant Cipresaia\",\"isPartOf\":{\"@id\":\"https:\/\/cipresaia.cat\/#website\"},\"datePublished\":\"2023-02-06T14:48:07+00:00\",\"dateModified\":\"2026-02-23T10:25:59+00:00\",\"breadcrumb\":{\"@id\":\"https:\/\/cipresaia.cat\/fr\/carte\/a-la-braise\/#breadcrumb\"},\"inLanguage\":\"fr-FR\",\"potentialAction\":[{\"@type\":\"ReadAction\",\"target\":[\"https:\/\/cipresaia.cat\/fr\/carte\/a-la-braise\/\"]}]},{\"@type\":\"BreadcrumbList\",\"@id\":\"https:\/\/cipresaia.cat\/fr\/carte\/a-la-braise\/#breadcrumb\",\"itemListElement\":[{\"@type\":\"ListItem\",\"position\":1,\"name\":\"Portada\",\"item\":\"https:\/\/cipresaia.cat\/fr\/\"},{\"@type\":\"ListItem\",\"position\":2,\"name\":\"Carte\",\"item\":\"https:\/\/cipresaia.cat\/fr\/carte\/\"},{\"@type\":\"ListItem\",\"position\":3,\"name\":\"\u00c0 la braise\"}]},{\"@type\":\"WebSite\",\"@id\":\"https:\/\/cipresaia.cat\/#website\",\"url\":\"https:\/\/cipresaia.cat\/\",\"name\":\"Restaurant Cipresaia\",\"description\":\"\",\"publisher\":{\"@id\":\"https:\/\/cipresaia.cat\/#organization\"},\"potentialAction\":[{\"@type\":\"SearchAction\",\"target\":{\"@type\":\"EntryPoint\",\"urlTemplate\":\"https:\/\/cipresaia.cat\/?s={search_term_string}\"},\"query-input\":{\"@type\":\"PropertyValueSpecification\",\"valueRequired\":true,\"valueName\":\"search_term_string\"}}],\"inLanguage\":\"fr-FR\"},{\"@type\":\"Organization\",\"@id\":\"https:\/\/cipresaia.cat\/#organization\",\"name\":\"Restaurant Cipresaia\",\"url\":\"https:\/\/cipresaia.cat\/\",\"logo\":{\"@type\":\"ImageObject\",\"inLanguage\":\"fr-FR\",\"@id\":\"https:\/\/cipresaia.cat\/#\/schema\/logo\/image\/\",\"url\":\"https:\/\/cipresaia.cat\/wp-content\/uploads\/2026\/01\/Cipresaia_LogoCompost_vermell.png\",\"contentUrl\":\"https:\/\/cipresaia.cat\/wp-content\/uploads\/2026\/01\/Cipresaia_LogoCompost_vermell.png\",\"width\":1438,\"height\":830,\"caption\":\"Restaurant Cipresaia\"},\"image\":{\"@id\":\"https:\/\/cipresaia.cat\/#\/schema\/logo\/image\/\"},\"sameAs\":[\"https:\/\/www.instagram.com\/cipresaia\/\"]}]}<\/script>\n<!-- \/ Yoast SEO plugin. -->","yoast_head_json":{"title":"\u00c0 la braise - Restaurant Cipresaia","robots":{"index":"index","follow":"follow","max-snippet":"max-snippet:-1","max-image-preview":"max-image-preview:large","max-video-preview":"max-video-preview:-1"},"canonical":"https:\/\/cipresaia.cat\/fr\/carte\/a-la-braise\/","og_locale":"fr_FR","og_type":"article","og_title":"\u00c0 la braise - Restaurant Cipresaia","og_description":"Au restaurant Cipresaia, nous mettons \u00e0 l\u2019honneur les produits de saison et de proximit\u00e9. Les plats \u00e0 la braise ainsi que nos suggestions peuvent \u00e9voluer au gr\u00e9 du march\u00e9. Notre \u00e9quipe se fera un plaisir de vous les pr\u00e9senter.","og_url":"https:\/\/cipresaia.cat\/fr\/carte\/a-la-braise\/","og_site_name":"Restaurant Cipresaia","article_modified_time":"2026-02-23T10:25:59+00:00","twitter_card":"summary_large_image","schema":{"@context":"https:\/\/schema.org","@graph":[{"@type":"WebPage","@id":"https:\/\/cipresaia.cat\/fr\/carte\/a-la-braise\/","url":"https:\/\/cipresaia.cat\/fr\/carte\/a-la-braise\/","name":"\u00c0 la braise - Restaurant Cipresaia","isPartOf":{"@id":"https:\/\/cipresaia.cat\/#website"},"datePublished":"2023-02-06T14:48:07+00:00","dateModified":"2026-02-23T10:25:59+00:00","breadcrumb":{"@id":"https:\/\/cipresaia.cat\/fr\/carte\/a-la-braise\/#breadcrumb"},"inLanguage":"fr-FR","potentialAction":[{"@type":"ReadAction","target":["https:\/\/cipresaia.cat\/fr\/carte\/a-la-braise\/"]}]},{"@type":"BreadcrumbList","@id":"https:\/\/cipresaia.cat\/fr\/carte\/a-la-braise\/#breadcrumb","itemListElement":[{"@type":"ListItem","position":1,"name":"Portada","item":"https:\/\/cipresaia.cat\/fr\/"},{"@type":"ListItem","position":2,"name":"Carte","item":"https:\/\/cipresaia.cat\/fr\/carte\/"},{"@type":"ListItem","position":3,"name":"\u00c0 la braise"}]},{"@type":"WebSite","@id":"https:\/\/cipresaia.cat\/#website","url":"https:\/\/cipresaia.cat\/","name":"Restaurant Cipresaia","description":"","publisher":{"@id":"https:\/\/cipresaia.cat\/#organization"},"potentialAction":[{"@type":"SearchAction","target":{"@type":"EntryPoint","urlTemplate":"https:\/\/cipresaia.cat\/?s={search_term_string}"},"query-input":{"@type":"PropertyValueSpecification","valueRequired":true,"valueName":"search_term_string"}}],"inLanguage":"fr-FR"},{"@type":"Organization","@id":"https:\/\/cipresaia.cat\/#organization","name":"Restaurant Cipresaia","url":"https:\/\/cipresaia.cat\/","logo":{"@type":"ImageObject","inLanguage":"fr-FR","@id":"https:\/\/cipresaia.cat\/#\/schema\/logo\/image\/","url":"https:\/\/cipresaia.cat\/wp-content\/uploads\/2026\/01\/Cipresaia_LogoCompost_vermell.png","contentUrl":"https:\/\/cipresaia.cat\/wp-content\/uploads\/2026\/01\/Cipresaia_LogoCompost_vermell.png","width":1438,"height":830,"caption":"Restaurant Cipresaia"},"image":{"@id":"https:\/\/cipresaia.cat\/#\/schema\/logo\/image\/"},"sameAs":["https:\/\/www.instagram.com\/cipresaia\/"]}]}},"_links":{"self":[{"href":"https:\/\/cipresaia.cat\/fr\/wp-json\/wp\/v2\/pages\/989521","targetHints":{"allow":["GET"]}}],"collection":[{"href":"https:\/\/cipresaia.cat\/fr\/wp-json\/wp\/v2\/pages"}],"about":[{"href":"https:\/\/cipresaia.cat\/fr\/wp-json\/wp\/v2\/types\/page"}],"author":[{"embeddable":true,"href":"https:\/\/cipresaia.cat\/fr\/wp-json\/wp\/v2\/users\/1"}],"replies":[{"embeddable":true,"href":"https:\/\/cipresaia.cat\/fr\/wp-json\/wp\/v2\/comments?post=989521"}],"version-history":[{"count":3,"href":"https:\/\/cipresaia.cat\/fr\/wp-json\/wp\/v2\/pages\/989521\/revisions"}],"predecessor-version":[{"id":989777,"href":"https:\/\/cipresaia.cat\/fr\/wp-json\/wp\/v2\/pages\/989521\/revisions\/989777"}],"up":[{"embeddable":true,"href":"https:\/\/cipresaia.cat\/fr\/wp-json\/wp\/v2\/pages\/989527"}],"wp:attachment":[{"href":"https:\/\/cipresaia.cat\/fr\/wp-json\/wp\/v2\/media?parent=989521"}],"curies":[{"name":"wp","href":"https:\/\/api.w.org\/{rel}","templated":true}]}}