{"id":990034,"date":"2026-05-11T09:31:06","date_gmt":"2026-05-11T07:31:06","guid":{"rendered":"https:\/\/cipresaia.cat\/carta-primavera\/"},"modified":"2026-05-11T09:51:17","modified_gmt":"2026-05-11T07:51:17","slug":"carta-primavera","status":"publish","type":"page","link":"https:\/\/cipresaia.cat\/fr\/carta-primavera\/","title":{"rendered":"Carte"},"content":{"rendered":"\t\t<div data-elementor-type=\"wp-page\" data-elementor-id=\"990034\" class=\"elementor elementor-990034 elementor-990013\" data-elementor-post-type=\"page\">\n\t\t\t\t\t\t<section class=\"elementor-section elementor-top-section elementor-element elementor-element-1fade93 elementor-section-boxed elementor-section-height-default elementor-section-height-default\" data-id=\"1fade93\" data-element_type=\"section\">\n\t\t\t\t\t\t<div class=\"elementor-container elementor-column-gap-default\">\n\t\t\t\t\t<div class=\"elementor-column elementor-col-50 elementor-top-column elementor-element elementor-element-d6ca767\" data-id=\"d6ca767\" data-element_type=\"column\">\n\t\t\t<div class=\"elementor-widget-wrap elementor-element-populated\">\n\t\t\t\t\t\t<div class=\"elementor-element elementor-element-0c9d799 elementor-widget elementor-widget-image\" data-id=\"0c9d799\" data-element_type=\"widget\" data-widget_type=\"image.default\">\n\t\t\t\t<div class=\"elementor-widget-container\">\n\t\t\t\t\t\t\t\t\t\t\t\t\t\t\t<img fetchpriority=\"high\" decoding=\"async\" width=\"1024\" height=\"683\" src=\"https:\/\/cipresaia.cat\/wp-content\/uploads\/2026\/02\/menu-cipresaia-2-1024x683.webp\" class=\"attachment-large size-large wp-image-990044\" alt=\"\" srcset=\"https:\/\/cipresaia.cat\/wp-content\/uploads\/2026\/02\/menu-cipresaia-2-1024x683.webp 1024w, https:\/\/cipresaia.cat\/wp-content\/uploads\/2026\/02\/menu-cipresaia-2-300x200.webp 300w, https:\/\/cipresaia.cat\/wp-content\/uploads\/2026\/02\/menu-cipresaia-2-768x512.webp 768w, https:\/\/cipresaia.cat\/wp-content\/uploads\/2026\/02\/menu-cipresaia-2-1536x1024.webp 1536w, https:\/\/cipresaia.cat\/wp-content\/uploads\/2026\/02\/menu-cipresaia-2-2048x1365.webp 2048w\" sizes=\"(max-width: 1024px) 100vw, 1024px\" \/>\t\t\t\t\t\t\t\t\t\t\t\t\t\t\t<\/div>\n\t\t\t\t<\/div>\n\t\t\t\t\t<\/div>\n\t\t<\/div>\n\t\t\t\t<div class=\"elementor-column elementor-col-50 elementor-top-column elementor-element elementor-element-4fcdd9b\" data-id=\"4fcdd9b\" data-element_type=\"column\">\n\t\t\t<div class=\"elementor-widget-wrap elementor-element-populated\">\n\t\t\t\t\t\t<div class=\"elementor-element elementor-element-b2ef1ee elementor-widget elementor-widget-text-editor\" data-id=\"b2ef1ee\" data-element_type=\"widget\" data-widget_type=\"text-editor.default\">\n\t\t\t\t<div class=\"elementor-widget-container\">\n\t\t\t\t\t\t\t\t\t<p>CIPRESAIA est synonyme d&rsquo;hospitalit\u00e9. Un nom charg\u00e9 d&rsquo;histoire. Nous h\u00e9ritons du nom et du lieu o\u00f9, en avril 1978, Quico Viader inaugura l\u2019un des restaurants les plus embl\u00e9matiques et reconnus de son \u00e9poque, au c\u0153ur du centre historique de G\u00e9rone.<\/p><p>Nous perp\u00e9tuons cet h\u00e9ritage avec une vision nouvelle de la gastronomie et de l&rsquo;espace. Notre cuisine s\u2019ancre dans la tradition catalane, r\u00e9interpr\u00e9t\u00e9e avec un regard contemporain, \u00e0 la fois d\u00e9contract\u00e9 et raffin\u00e9. Nous travaillons dans le respect du produit et des recettes qui nous ont permis d&rsquo;en arriver l\u00e0, en int\u00e9grant des techniques modernes et des influences d&rsquo;autres cuisines du monde entier qui apportent nuances et richesse \u00e0 notre proposition.<\/p><p>Nous sommes fermement convaincus qu&rsquo;une bonne cuisine ne peut exister qu&rsquo;\u00e0 partir de bonnes mati\u00e8res premi\u00e8res. C\u2019est pourquoi nous travaillons avec des produits de saison, s\u00e9lectionn\u00e9s avec soin et selon des crit\u00e8res pr\u00e9cis. Chaque ingr\u00e9dient a une origine, une histoire et des personnes qui y ont contribu\u00e9, et nous voulons que cela se refl\u00e8te dans chaque plat qui arrive sur votre table.<\/p><p>Notre objectif est de valoriser les personnes qui se cachent derri\u00e8re chaque produit, en soutenant les petits producteurs et en faisant conna\u00eetre leur travail comme une partie essentielle de notre cuisine.<\/p><p>Bienvenue \u00e0 Cipresaia.<\/p><p><em>Chef : Maria Buades<\/em><\/p>\t\t\t\t\t\t\t\t<\/div>\n\t\t\t\t<\/div>\n\t\t\t\t\t<\/div>\n\t\t<\/div>\n\t\t\t\t\t<\/div>\n\t\t<\/section>\n\t\t\t\t<\/div>\n\t\t","protected":false},"excerpt":{"rendered":"<p>CIPRESAIA est synonyme d&rsquo;hospitalit\u00e9. Un nom charg\u00e9 d&rsquo;histoire. Nous h\u00e9ritons du nom et du lieu o\u00f9, en avril 1978, Quico Viader inaugura l\u2019un des restaurants les plus embl\u00e9matiques et reconnus de son \u00e9poque, au c\u0153ur du centre historique de G\u00e9rone. Nous perp\u00e9tuons cet h\u00e9ritage avec une vision nouvelle de la gastronomie et de l&rsquo;espace. Notre&#8230;<\/p>\n","protected":false},"author":1,"featured_media":0,"parent":0,"menu_order":0,"comment_status":"closed","ping_status":"closed","template":"","meta":{"footnotes":""},"class_list":["post-990034","page","type-page","status-publish","hentry"],"yoast_head":"<!-- This site is optimized with the Yoast SEO plugin v26.9 - https:\/\/yoast.com\/product\/yoast-seo-wordpress\/ -->\n<title>Carte - Restaurant Cipresaia<\/title>\n<meta name=\"robots\" content=\"index, follow, max-snippet:-1, max-image-preview:large, max-video-preview:-1\" \/>\n<link rel=\"canonical\" href=\"https:\/\/cipresaia.cat\/fr\/carta-primavera\/\" \/>\n<meta property=\"og:locale\" content=\"fr_FR\" \/>\n<meta property=\"og:type\" content=\"article\" \/>\n<meta property=\"og:title\" content=\"Carte - Restaurant Cipresaia\" \/>\n<meta property=\"og:description\" content=\"CIPRESAIA est synonyme d&rsquo;hospitalit\u00e9. Un nom charg\u00e9 d&rsquo;histoire. Nous h\u00e9ritons du nom et du lieu o\u00f9, en avril 1978, Quico Viader inaugura l\u2019un des restaurants les plus embl\u00e9matiques et reconnus de son \u00e9poque, au c\u0153ur du centre historique de G\u00e9rone. Nous perp\u00e9tuons cet h\u00e9ritage avec une vision nouvelle de la gastronomie et de l&rsquo;espace. Notre...\" \/>\n<meta property=\"og:url\" content=\"https:\/\/cipresaia.cat\/fr\/carta-primavera\/\" \/>\n<meta property=\"og:site_name\" content=\"Restaurant Cipresaia\" \/>\n<meta property=\"article:modified_time\" content=\"2026-05-11T07:51:17+00:00\" \/>\n<meta property=\"og:image\" content=\"https:\/\/cipresaia.cat\/wp-content\/uploads\/2026\/02\/menu-cipresaia-2-scaled.webp\" \/>\n\t<meta property=\"og:image:width\" content=\"2560\" \/>\n\t<meta property=\"og:image:height\" content=\"1707\" \/>\n\t<meta property=\"og:image:type\" content=\"image\/webp\" \/>\n<meta name=\"twitter:card\" content=\"summary_large_image\" \/>\n<meta name=\"twitter:label1\" content=\"Dur\u00e9e de lecture estim\u00e9e\" \/>\n\t<meta name=\"twitter:data1\" content=\"2 minutes\" \/>\n<script type=\"application\/ld+json\" class=\"yoast-schema-graph\">{\"@context\":\"https:\/\/schema.org\",\"@graph\":[{\"@type\":\"WebPage\",\"@id\":\"https:\/\/cipresaia.cat\/fr\/carta-primavera\/\",\"url\":\"https:\/\/cipresaia.cat\/fr\/carta-primavera\/\",\"name\":\"Carte - Restaurant Cipresaia\",\"isPartOf\":{\"@id\":\"https:\/\/cipresaia.cat\/#website\"},\"primaryImageOfPage\":{\"@id\":\"https:\/\/cipresaia.cat\/fr\/carta-primavera\/#primaryimage\"},\"image\":{\"@id\":\"https:\/\/cipresaia.cat\/fr\/carta-primavera\/#primaryimage\"},\"thumbnailUrl\":\"https:\/\/cipresaia.cat\/wp-content\/uploads\/2026\/02\/menu-cipresaia-2-1024x683.webp\",\"datePublished\":\"2026-05-11T07:31:06+00:00\",\"dateModified\":\"2026-05-11T07:51:17+00:00\",\"breadcrumb\":{\"@id\":\"https:\/\/cipresaia.cat\/fr\/carta-primavera\/#breadcrumb\"},\"inLanguage\":\"fr-FR\",\"potentialAction\":[{\"@type\":\"ReadAction\",\"target\":[\"https:\/\/cipresaia.cat\/fr\/carta-primavera\/\"]}]},{\"@type\":\"ImageObject\",\"inLanguage\":\"fr-FR\",\"@id\":\"https:\/\/cipresaia.cat\/fr\/carta-primavera\/#primaryimage\",\"url\":\"https:\/\/cipresaia.cat\/wp-content\/uploads\/2026\/02\/menu-cipresaia-2-1024x683.webp\",\"contentUrl\":\"https:\/\/cipresaia.cat\/wp-content\/uploads\/2026\/02\/menu-cipresaia-2-1024x683.webp\"},{\"@type\":\"BreadcrumbList\",\"@id\":\"https:\/\/cipresaia.cat\/fr\/carta-primavera\/#breadcrumb\",\"itemListElement\":[{\"@type\":\"ListItem\",\"position\":1,\"name\":\"Portada\",\"item\":\"https:\/\/cipresaia.cat\/\"},{\"@type\":\"ListItem\",\"position\":2,\"name\":\"Carte\"}]},{\"@type\":\"WebSite\",\"@id\":\"https:\/\/cipresaia.cat\/#website\",\"url\":\"https:\/\/cipresaia.cat\/\",\"name\":\"Restaurant Cipresaia\",\"description\":\"\",\"publisher\":{\"@id\":\"https:\/\/cipresaia.cat\/#organization\"},\"potentialAction\":[{\"@type\":\"SearchAction\",\"target\":{\"@type\":\"EntryPoint\",\"urlTemplate\":\"https:\/\/cipresaia.cat\/?s={search_term_string}\"},\"query-input\":{\"@type\":\"PropertyValueSpecification\",\"valueRequired\":true,\"valueName\":\"search_term_string\"}}],\"inLanguage\":\"fr-FR\"},{\"@type\":\"Organization\",\"@id\":\"https:\/\/cipresaia.cat\/#organization\",\"name\":\"Restaurant Cipresaia\",\"url\":\"https:\/\/cipresaia.cat\/\",\"logo\":{\"@type\":\"ImageObject\",\"inLanguage\":\"fr-FR\",\"@id\":\"https:\/\/cipresaia.cat\/#\/schema\/logo\/image\/\",\"url\":\"https:\/\/cipresaia.cat\/wp-content\/uploads\/2026\/01\/Cipresaia_LogoCompost_vermell.png\",\"contentUrl\":\"https:\/\/cipresaia.cat\/wp-content\/uploads\/2026\/01\/Cipresaia_LogoCompost_vermell.png\",\"width\":1438,\"height\":830,\"caption\":\"Restaurant Cipresaia\"},\"image\":{\"@id\":\"https:\/\/cipresaia.cat\/#\/schema\/logo\/image\/\"},\"sameAs\":[\"https:\/\/www.instagram.com\/cipresaia\/\"]}]}<\/script>\n<!-- \/ Yoast SEO plugin. -->","yoast_head_json":{"title":"Carte - Restaurant Cipresaia","robots":{"index":"index","follow":"follow","max-snippet":"max-snippet:-1","max-image-preview":"max-image-preview:large","max-video-preview":"max-video-preview:-1"},"canonical":"https:\/\/cipresaia.cat\/fr\/carta-primavera\/","og_locale":"fr_FR","og_type":"article","og_title":"Carte - Restaurant Cipresaia","og_description":"CIPRESAIA est synonyme d&rsquo;hospitalit\u00e9. Un nom charg\u00e9 d&rsquo;histoire. Nous h\u00e9ritons du nom et du lieu o\u00f9, en avril 1978, Quico Viader inaugura l\u2019un des restaurants les plus embl\u00e9matiques et reconnus de son \u00e9poque, au c\u0153ur du centre historique de G\u00e9rone. Nous perp\u00e9tuons cet h\u00e9ritage avec une vision nouvelle de la gastronomie et de l&rsquo;espace. Notre...","og_url":"https:\/\/cipresaia.cat\/fr\/carta-primavera\/","og_site_name":"Restaurant Cipresaia","article_modified_time":"2026-05-11T07:51:17+00:00","og_image":[{"width":2560,"height":1707,"url":"https:\/\/cipresaia.cat\/wp-content\/uploads\/2026\/02\/menu-cipresaia-2-scaled.webp","type":"image\/webp"}],"twitter_card":"summary_large_image","twitter_misc":{"Dur\u00e9e de lecture estim\u00e9e":"2 minutes"},"schema":{"@context":"https:\/\/schema.org","@graph":[{"@type":"WebPage","@id":"https:\/\/cipresaia.cat\/fr\/carta-primavera\/","url":"https:\/\/cipresaia.cat\/fr\/carta-primavera\/","name":"Carte - Restaurant Cipresaia","isPartOf":{"@id":"https:\/\/cipresaia.cat\/#website"},"primaryImageOfPage":{"@id":"https:\/\/cipresaia.cat\/fr\/carta-primavera\/#primaryimage"},"image":{"@id":"https:\/\/cipresaia.cat\/fr\/carta-primavera\/#primaryimage"},"thumbnailUrl":"https:\/\/cipresaia.cat\/wp-content\/uploads\/2026\/02\/menu-cipresaia-2-1024x683.webp","datePublished":"2026-05-11T07:31:06+00:00","dateModified":"2026-05-11T07:51:17+00:00","breadcrumb":{"@id":"https:\/\/cipresaia.cat\/fr\/carta-primavera\/#breadcrumb"},"inLanguage":"fr-FR","potentialAction":[{"@type":"ReadAction","target":["https:\/\/cipresaia.cat\/fr\/carta-primavera\/"]}]},{"@type":"ImageObject","inLanguage":"fr-FR","@id":"https:\/\/cipresaia.cat\/fr\/carta-primavera\/#primaryimage","url":"https:\/\/cipresaia.cat\/wp-content\/uploads\/2026\/02\/menu-cipresaia-2-1024x683.webp","contentUrl":"https:\/\/cipresaia.cat\/wp-content\/uploads\/2026\/02\/menu-cipresaia-2-1024x683.webp"},{"@type":"BreadcrumbList","@id":"https:\/\/cipresaia.cat\/fr\/carta-primavera\/#breadcrumb","itemListElement":[{"@type":"ListItem","position":1,"name":"Portada","item":"https:\/\/cipresaia.cat\/"},{"@type":"ListItem","position":2,"name":"Carte"}]},{"@type":"WebSite","@id":"https:\/\/cipresaia.cat\/#website","url":"https:\/\/cipresaia.cat\/","name":"Restaurant Cipresaia","description":"","publisher":{"@id":"https:\/\/cipresaia.cat\/#organization"},"potentialAction":[{"@type":"SearchAction","target":{"@type":"EntryPoint","urlTemplate":"https:\/\/cipresaia.cat\/?s={search_term_string}"},"query-input":{"@type":"PropertyValueSpecification","valueRequired":true,"valueName":"search_term_string"}}],"inLanguage":"fr-FR"},{"@type":"Organization","@id":"https:\/\/cipresaia.cat\/#organization","name":"Restaurant Cipresaia","url":"https:\/\/cipresaia.cat\/","logo":{"@type":"ImageObject","inLanguage":"fr-FR","@id":"https:\/\/cipresaia.cat\/#\/schema\/logo\/image\/","url":"https:\/\/cipresaia.cat\/wp-content\/uploads\/2026\/01\/Cipresaia_LogoCompost_vermell.png","contentUrl":"https:\/\/cipresaia.cat\/wp-content\/uploads\/2026\/01\/Cipresaia_LogoCompost_vermell.png","width":1438,"height":830,"caption":"Restaurant Cipresaia"},"image":{"@id":"https:\/\/cipresaia.cat\/#\/schema\/logo\/image\/"},"sameAs":["https:\/\/www.instagram.com\/cipresaia\/"]}]}},"_links":{"self":[{"href":"https:\/\/cipresaia.cat\/fr\/wp-json\/wp\/v2\/pages\/990034","targetHints":{"allow":["GET"]}}],"collection":[{"href":"https:\/\/cipresaia.cat\/fr\/wp-json\/wp\/v2\/pages"}],"about":[{"href":"https:\/\/cipresaia.cat\/fr\/wp-json\/wp\/v2\/types\/page"}],"author":[{"embeddable":true,"href":"https:\/\/cipresaia.cat\/fr\/wp-json\/wp\/v2\/users\/1"}],"replies":[{"embeddable":true,"href":"https:\/\/cipresaia.cat\/fr\/wp-json\/wp\/v2\/comments?post=990034"}],"version-history":[{"count":2,"href":"https:\/\/cipresaia.cat\/fr\/wp-json\/wp\/v2\/pages\/990034\/revisions"}],"predecessor-version":[{"id":990046,"href":"https:\/\/cipresaia.cat\/fr\/wp-json\/wp\/v2\/pages\/990034\/revisions\/990046"}],"wp:attachment":[{"href":"https:\/\/cipresaia.cat\/fr\/wp-json\/wp\/v2\/media?parent=990034"}],"curies":[{"name":"wp","href":"https:\/\/api.w.org\/{rel}","templated":true}]}}